{"id":1739,"date":"2025-03-16T09:55:46","date_gmt":"2025-03-16T09:55:46","guid":{"rendered":"https:\/\/www.simsa.at\/service\/contact-person\/"},"modified":"2025-04-21T20:02:09","modified_gmt":"2025-04-21T20:02:09","slug":"contact-person","status":"publish","type":"page","link":"https:\/\/www.simsa.at\/en\/service\/contact-person\/","title":{"rendered":"Contact person"},"content":{"rendered":"\t\t<div data-elementor-type=\"wp-page\" data-elementor-id=\"1739\" class=\"elementor elementor-1739 elementor-914\" data-elementor-post-type=\"page\">\n\t\t\t\t<div class=\"elementor-element elementor-element-352c560 e-flex e-con-boxed e-con e-parent\" data-id=\"352c560\" data-element_type=\"container\" data-e-type=\"container\">\n\t\t\t\t\t<div class=\"e-con-inner\">\n\t\t\t\t<div class=\"elementor-element elementor-element-fb45b11 elementor-widget elementor-widget-heading\" data-id=\"fb45b11\" data-element_type=\"widget\" data-e-type=\"widget\" data-widget_type=\"heading.default\">\n\t\t\t\t\t<h1 class=\"elementor-heading-title elementor-size-default\">Consulting<\/h1>\t\t\t\t<\/div>\n\t\t\t\t\t<\/div>\n\t\t\t\t<\/div>\n\t\t<div class=\"elementor-element elementor-element-e8d7218 e-flex e-con-boxed e-con e-parent\" data-id=\"e8d7218\" data-element_type=\"container\" data-e-type=\"container\">\n\t\t\t\t\t<div class=\"e-con-inner\">\n\t\t<div class=\"elementor-element elementor-element-36d2475 e-con-full e-flex e-con e-child\" data-id=\"36d2475\" data-element_type=\"container\" data-e-type=\"container\">\n\t\t\t\t<div class=\"elementor-element elementor-element-70fe24f elementor-widget elementor-widget-image\" data-id=\"70fe24f\" data-element_type=\"widget\" data-e-type=\"widget\" data-widget_type=\"image.default\">\n\t\t\t\t\t\t\t\t\t\t\t\t\t\t\t<img fetchpriority=\"high\" decoding=\"async\" width=\"683\" height=\"1024\" src=\"https:\/\/www.simsa.at\/wp-content\/uploads\/2025\/03\/florian_simsa_2020_portrait-683x1024.jpg\" class=\"attachment-large size-large wp-image-1679\" alt=\"Florian Simsa 2020 Portrait 683x1024\" srcset=\"https:\/\/www.simsa.at\/wp-content\/uploads\/2025\/03\/florian_simsa_2020_portrait-683x1024.jpg 683w, https:\/\/www.simsa.at\/wp-content\/uploads\/2025\/03\/florian_simsa_2020_portrait-200x300.jpg 200w, https:\/\/www.simsa.at\/wp-content\/uploads\/2025\/03\/florian_simsa_2020_portrait-768x1152.jpg 768w, https:\/\/www.simsa.at\/wp-content\/uploads\/2025\/03\/florian_simsa_2020_portrait.jpg 982w\" sizes=\"(max-width: 683px) 100vw, 683px\" title=\"Contact person\">\t\t\t\t\t\t\t\t\t\t\t\t\t\t\t<\/div>\n\t\t\t\t<div class=\"elementor-element elementor-element-ee46905 elementor-widget elementor-widget-heading\" data-id=\"ee46905\" data-element_type=\"widget\" data-e-type=\"widget\" data-widget_type=\"heading.default\">\n\t\t\t\t\t<h3 class=\"elementor-heading-title elementor-size-default\">Florian Simsa<\/h3>\t\t\t\t<\/div>\n\t\t\t\t<div class=\"elementor-element elementor-element-95aa5af elementor-widget elementor-widget-text-editor\" data-id=\"95aa5af\" data-element_type=\"widget\" data-e-type=\"widget\" data-widget_type=\"text-editor.default\">\n\t\t\t\t\t\t\t\t\t<p>Oberlaaer Stra\u00dfe 226<br>1100 Vienna<br>+43 1 689 19 50<br>sf@simsa.at<\/p>\t\t\t\t\t\t\t\t<\/div>\n\t\t\t\t<\/div>\n\t\t\t\t\t<\/div>\n\t\t\t\t<\/div>\n\t\t<div class=\"elementor-element elementor-element-02b0479 e-flex e-con-boxed e-con e-parent\" data-id=\"02b0479\" data-element_type=\"container\" data-e-type=\"container\">\n\t\t\t\t\t<div class=\"e-con-inner\">\n\t\t\t\t<div class=\"elementor-element elementor-element-375dc21 elementor-widget elementor-widget-heading\" data-id=\"375dc21\" data-element_type=\"widget\" data-e-type=\"widget\" data-widget_type=\"heading.default\">\n\t\t\t\t\t<h2 class=\"elementor-heading-title elementor-size-default\">Order processing<\/h2>\t\t\t\t<\/div>\n\t\t\t\t\t<\/div>\n\t\t\t\t<\/div>\n\t\t<div class=\"elementor-element elementor-element-3a7ab11 e-flex e-con-boxed e-con e-parent\" data-id=\"3a7ab11\" data-element_type=\"container\" data-e-type=\"container\">\n\t\t\t\t\t<div class=\"e-con-inner\">\n\t\t<div class=\"elementor-element elementor-element-2323892 e-con-full e-flex e-con e-child\" data-id=\"2323892\" data-element_type=\"container\" data-e-type=\"container\">\n\t\t\t\t<div class=\"elementor-element elementor-element-4583a4b elementor-widget elementor-widget-image\" data-id=\"4583a4b\" data-element_type=\"widget\" data-e-type=\"widget\" data-widget_type=\"image.default\">\n\t\t\t\t\t\t\t\t\t\t\t\t\t\t\t<img decoding=\"async\" width=\"200\" height=\"300\" src=\"https:\/\/www.simsa.at\/wp-content\/uploads\/2025\/03\/lr.png\" class=\"attachment-large size-large wp-image-1683\" alt=\"Lr\" title=\"Contact person\">\t\t\t\t\t\t\t\t\t\t\t\t\t\t\t<\/div>\n\t\t\t\t<div class=\"elementor-element elementor-element-de20053 elementor-widget elementor-widget-heading\" data-id=\"de20053\" data-element_type=\"widget\" data-e-type=\"widget\" data-widget_type=\"heading.default\">\n\t\t\t\t\t<h3 class=\"elementor-heading-title elementor-size-default\">Ing. Ronald Leutner<\/h3>\t\t\t\t<\/div>\n\t\t\t\t<div class=\"elementor-element elementor-element-02f4f81 elementor-widget elementor-widget-text-editor\" data-id=\"02f4f81\" data-element_type=\"widget\" data-e-type=\"widget\" data-widget_type=\"text-editor.default\">\n\t\t\t\t\t\t\t\t\t<p>Oberlaaer Stra\u00dfe 226<br>1100 Vienna<br>+43 1 689 19 50 19<br>lr@simsa.at<\/p>\t\t\t\t\t\t\t\t<\/div>\n\t\t\t\t<\/div>\n\t\t<div class=\"elementor-element elementor-element-6686cd0 e-con-full e-flex e-con e-child\" data-id=\"6686cd0\" data-element_type=\"container\" data-e-type=\"container\">\n\t\t\t\t<div class=\"elementor-element elementor-element-9418302 elementor-widget elementor-widget-image\" data-id=\"9418302\" data-element_type=\"widget\" data-e-type=\"widget\" data-widget_type=\"image.default\">\n\t\t\t\t\t\t\t\t\t\t\t\t\t\t\t<img decoding=\"async\" width=\"200\" height=\"300\" src=\"https:\/\/www.simsa.at\/wp-content\/uploads\/2025\/03\/wa.png\" class=\"attachment-large size-large wp-image-1681\" alt=\"Wa\" title=\"Contact person\">\t\t\t\t\t\t\t\t\t\t\t\t\t\t\t<\/div>\n\t\t\t\t<div class=\"elementor-element elementor-element-3158298 elementor-widget elementor-widget-heading\" data-id=\"3158298\" data-element_type=\"widget\" data-e-type=\"widget\" data-widget_type=\"heading.default\">\n\t\t\t\t\t<h3 class=\"elementor-heading-title elementor-size-default\">Ing. Andr\u00e9 Winkler<\/h3>\t\t\t\t<\/div>\n\t\t\t\t<div class=\"elementor-element elementor-element-856fe44 elementor-widget elementor-widget-text-editor\" data-id=\"856fe44\" data-element_type=\"widget\" data-e-type=\"widget\" data-widget_type=\"text-editor.default\">\n\t\t\t\t\t\t\t\t\t<p>Oberlaaer Stra\u00dfe 226<br>1100 Vienna<br>+43 1 689 19 50 15<br>wa@simsa.at<\/p>\t\t\t\t\t\t\t\t<\/div>\n\t\t\t\t<\/div>\n\t\t\t\t\t<\/div>\n\t\t\t\t<\/div>\n\t\t<div class=\"elementor-element elementor-element-2609b04 e-flex e-con-boxed e-con e-parent\" data-id=\"2609b04\" data-element_type=\"container\" data-e-type=\"container\">\n\t\t\t\t\t<div class=\"e-con-inner\">\n\t\t\t\t<div class=\"elementor-element elementor-element-f90b616 elementor-widget elementor-widget-heading\" data-id=\"f90b616\" data-element_type=\"widget\" data-e-type=\"widget\" data-widget_type=\"heading.default\">\n\t\t\t\t\t<h2 class=\"elementor-heading-title elementor-size-default\">Prepress<\/h2>\t\t\t\t<\/div>\n\t\t\t\t\t<\/div>\n\t\t\t\t<\/div>\n\t\t<div class=\"elementor-element elementor-element-812dc42 e-flex e-con-boxed e-con e-parent\" data-id=\"812dc42\" data-element_type=\"container\" data-e-type=\"container\">\n\t\t\t\t\t<div class=\"e-con-inner\">\n\t\t<div class=\"elementor-element elementor-element-9bf1a20 e-con-full e-flex e-con e-child\" data-id=\"9bf1a20\" data-element_type=\"container\" data-e-type=\"container\">\n\t\t\t\t<div class=\"elementor-element elementor-element-2d22166 elementor-widget elementor-widget-image\" data-id=\"2d22166\" data-element_type=\"widget\" data-e-type=\"widget\" data-widget_type=\"image.default\">\n\t\t\t\t\t\t\t\t\t\t\t\t\t\t\t<img loading=\"lazy\" decoding=\"async\" width=\"200\" height=\"300\" src=\"https:\/\/www.simsa.at\/wp-content\/uploads\/2025\/03\/sc.png\" class=\"attachment-large size-large wp-image-1682\" alt=\"Sc\" title=\"Contact person\">\t\t\t\t\t\t\t\t\t\t\t\t\t\t\t<\/div>\n\t\t\t\t<div class=\"elementor-element elementor-element-4624dde elementor-widget elementor-widget-heading\" data-id=\"4624dde\" data-element_type=\"widget\" data-e-type=\"widget\" data-widget_type=\"heading.default\">\n\t\t\t\t\t<h3 class=\"elementor-heading-title elementor-size-default\">Christian Sch\u00fctz<\/h3>\t\t\t\t<\/div>\n\t\t\t\t<div class=\"elementor-element elementor-element-d5606d7 elementor-widget elementor-widget-text-editor\" data-id=\"d5606d7\" data-element_type=\"widget\" data-e-type=\"widget\" data-widget_type=\"text-editor.default\">\n\t\t\t\t\t\t\t\t\t<div class=\"card-title\"><span style=\"color: var( --e-global-color-text ); font-family: var( --e-global-typography-text-font-family ), Sans-serif; font-weight: var( --e-global-typography-text-font-weight ); text-align: var(--text-align); font-size: 1rem;\">Oberlaaer Street 226<\/span><\/div><div class=\"card-body\">1100 Vienna<br>+43 1 689 19 50 14<br>sc@simsa.at<\/div>\t\t\t\t\t\t\t\t<\/div>\n\t\t\t\t<\/div>\n\t\t<div class=\"elementor-element elementor-element-401ed7a e-con-full e-flex e-con e-child\" data-id=\"401ed7a\" data-element_type=\"container\" data-e-type=\"container\">\n\t\t\t\t<div class=\"elementor-element elementor-element-93054a0 elementor-widget elementor-widget-image\" data-id=\"93054a0\" data-element_type=\"widget\" data-e-type=\"widget\" data-widget_type=\"image.default\">\n\t\t\t\t\t\t\t\t\t\t\t\t\t\t\t<img loading=\"lazy\" decoding=\"async\" width=\"200\" height=\"300\" src=\"https:\/\/www.simsa.at\/wp-content\/uploads\/2025\/03\/hr.png\" class=\"attachment-large size-large wp-image-1680\" alt=\"Hr\" title=\"Contact person\">\t\t\t\t\t\t\t\t\t\t\t\t\t\t\t<\/div>\n\t\t\t\t<div class=\"elementor-element elementor-element-77c6c94 elementor-widget elementor-widget-heading\" data-id=\"77c6c94\" data-element_type=\"widget\" data-e-type=\"widget\" data-widget_type=\"heading.default\">\n\t\t\t\t\t<h3 class=\"elementor-heading-title elementor-size-default\">Ing. Roman Hauptvogel<\/h3>\t\t\t\t<\/div>\n\t\t\t\t<div class=\"elementor-element elementor-element-5de7a17 elementor-widget elementor-widget-text-editor\" data-id=\"5de7a17\" data-element_type=\"widget\" data-e-type=\"widget\" data-widget_type=\"text-editor.default\">\n\t\t\t\t\t\t\t\t\t<p>Oberlaaer Stra\u00dfe 226<br>1100 Vienna<br>+43 1 689 19 50 14<br>hr@simsa.at<\/p>\t\t\t\t\t\t\t\t<\/div>\n\t\t\t\t<\/div>\n\t\t\t\t\t<\/div>\n\t\t\t\t<\/div>\n\t\t<div class=\"elementor-element elementor-element-f648d66 e-flex e-con-boxed e-con e-parent\" data-id=\"f648d66\" data-element_type=\"container\" data-e-type=\"container\">\n\t\t\t\t\t<div class=\"e-con-inner\">\n\t\t\t\t<div class=\"elementor-element elementor-element-8173022 elementor-widget elementor-widget-heading\" data-id=\"8173022\" data-element_type=\"widget\" data-e-type=\"widget\" data-widget_type=\"heading.default\">\n\t\t\t\t\t<h2 class=\"elementor-heading-title elementor-size-default\">Back Office<\/h2>\t\t\t\t<\/div>\n\t\t\t\t\t<\/div>\n\t\t\t\t<\/div>\n\t\t<div class=\"elementor-element elementor-element-ba7b444 e-flex e-con-boxed e-con e-parent\" data-id=\"ba7b444\" data-element_type=\"container\" data-e-type=\"container\">\n\t\t\t\t\t<div class=\"e-con-inner\">\n\t\t<div class=\"elementor-element elementor-element-431c607 e-con-full e-flex e-con e-child\" data-id=\"431c607\" data-element_type=\"container\" data-e-type=\"container\">\n\t\t\t\t<div class=\"elementor-element elementor-element-29f72fa elementor-widget elementor-widget-image\" data-id=\"29f72fa\" data-element_type=\"widget\" data-e-type=\"widget\" data-widget_type=\"image.default\">\n\t\t\t\t\t\t\t\t\t\t\t\t\t\t\t<img loading=\"lazy\" decoding=\"async\" width=\"800\" height=\"941\" src=\"https:\/\/www.simsa.at\/wp-content\/uploads\/2025\/03\/nina_zsivkovits.jpg\" class=\"attachment-large size-large wp-image-1684\" alt=\"Nina Zsivkovits\" srcset=\"https:\/\/www.simsa.at\/wp-content\/uploads\/2025\/03\/nina_zsivkovits.jpg 828w, https:\/\/www.simsa.at\/wp-content\/uploads\/2025\/03\/nina_zsivkovits-255x300.jpg 255w, https:\/\/www.simsa.at\/wp-content\/uploads\/2025\/03\/nina_zsivkovits-768x903.jpg 768w\" sizes=\"(max-width: 800px) 100vw, 800px\" title=\"Contact person\">\t\t\t\t\t\t\t\t\t\t\t\t\t\t\t<\/div>\n\t\t\t\t<div class=\"elementor-element elementor-element-de323b6 elementor-widget elementor-widget-heading\" data-id=\"de323b6\" data-element_type=\"widget\" data-e-type=\"widget\" data-widget_type=\"heading.default\">\n\t\t\t\t\t<h3 class=\"elementor-heading-title elementor-size-default\">Nina Zsivkovits<\/h3>\t\t\t\t<\/div>\n\t\t\t\t<div class=\"elementor-element elementor-element-055759e elementor-widget elementor-widget-text-editor\" data-id=\"055759e\" data-element_type=\"widget\" data-e-type=\"widget\" data-widget_type=\"text-editor.default\">\n\t\t\t\t\t\t\t\t\t<div class=\"card-title\">Oberlaaer Stra\u00dfe 226<br>1100 Vienna<br>+43 1 689 19 50<\/div>\t\t\t\t\t\t\t\t<\/div>\n\t\t\t\t<\/div>\n\t\t\t\t\t<\/div>\n\t\t\t\t<\/div>\n\t\t\t\t<\/div>\n\t\t","protected":false},"excerpt":{"rendered":"<p>Consulting Florian Simsa Oberlaaer Stra\u00dfe 2261100 Vienna+43 1 689 19 50sf@simsa.at Order processing Ing. Ronald Leutner Oberlaaer Stra\u00dfe 2261100 Vienna+43 1 689 19 50 19lr@simsa.at Ing. Andr\u00e9 Winkler Oberlaaer Stra\u00dfe 2261100 Vienna+43 1 689 19 50 15wa@simsa.at Prepress Christian Sch\u00fctz Oberlaaer Street 2261100 Vienna+43 1 689 19 50 14sc@simsa.at Ing. Roman Hauptvogel Oberlaaer Stra\u00dfe 2261100 [&hellip;]<\/p>\n","protected":false},"author":1,"featured_media":1698,"parent":1735,"menu_order":0,"comment_status":"closed","ping_status":"closed","template":"","meta":{"_acf_changed":false,"footnotes":""},"class_list":["post-1739","page","type-page","status-publish","has-post-thumbnail","hentry"],"acf":[],"jetpack_sharing_enabled":true,"_links":{"self":[{"href":"https:\/\/www.simsa.at\/en\/wp-json\/wp\/v2\/pages\/1739","targetHints":{"allow":["GET"]}}],"collection":[{"href":"https:\/\/www.simsa.at\/en\/wp-json\/wp\/v2\/pages"}],"about":[{"href":"https:\/\/www.simsa.at\/en\/wp-json\/wp\/v2\/types\/page"}],"author":[{"embeddable":true,"href":"https:\/\/www.simsa.at\/en\/wp-json\/wp\/v2\/users\/1"}],"replies":[{"embeddable":true,"href":"https:\/\/www.simsa.at\/en\/wp-json\/wp\/v2\/comments?post=1739"}],"version-history":[{"count":4,"href":"https:\/\/www.simsa.at\/en\/wp-json\/wp\/v2\/pages\/1739\/revisions"}],"predecessor-version":[{"id":2522,"href":"https:\/\/www.simsa.at\/en\/wp-json\/wp\/v2\/pages\/1739\/revisions\/2522"}],"up":[{"embeddable":true,"href":"https:\/\/www.simsa.at\/en\/wp-json\/wp\/v2\/pages\/1735"}],"wp:featuredmedia":[{"embeddable":true,"href":"https:\/\/www.simsa.at\/en\/wp-json\/wp\/v2\/media\/1698"}],"wp:attachment":[{"href":"https:\/\/www.simsa.at\/en\/wp-json\/wp\/v2\/media?parent=1739"}],"curies":[{"name":"wp","href":"https:\/\/api.w.org\/{rel}","templated":true}]}}