{"id":1760,"date":"2025-03-14T20:24:03","date_gmt":"2025-03-14T20:24:03","guid":{"rendered":"https:\/\/www.simsa.at\/technical-stamped-parts\/"},"modified":"2025-11-17T11:30:47","modified_gmt":"2025-11-17T11:30:47","slug":"technical-stamped-parts","status":"publish","type":"page","link":"https:\/\/www.simsa.at\/en\/uses\/technical-stamped-parts\/","title":{"rendered":"die cut technical parts"},"content":{"rendered":"\t\t<div data-elementor-type=\"wp-page\" data-elementor-id=\"1760\" class=\"elementor elementor-1760 elementor-332\" data-elementor-post-type=\"page\">\n\t\t\t\t<div class=\"elementor-element elementor-element-7be5e47 e-flex e-con-boxed e-con e-parent\" data-id=\"7be5e47\" data-element_type=\"container\" data-e-type=\"container\">\n\t\t\t\t\t<div class=\"e-con-inner\">\n\t\t\t\t<div class=\"elementor-element elementor-element-48217ee elementor-widget elementor-widget-heading\" data-id=\"48217ee\" data-element_type=\"widget\" data-e-type=\"widget\" data-widget_type=\"heading.default\">\n\t\t\t\t\t<h1 class=\"elementor-heading-title elementor-size-default\">TECHNICAL STAMPED PARTS, BLANKS and PUNCHINGS<\/h1>\t\t\t\t<\/div>\n\t\t\t\t<div class=\"elementor-element elementor-element-6adb639 elementor-widget elementor-widget-text-editor\" data-id=\"6adb639\" data-element_type=\"widget\" data-e-type=\"widget\" data-widget_type=\"text-editor.default\">\n\t\t\t\t\t\t\t\t\t<p>Stamped parts from individual one-offs to large series!<\/p><p>We transform<\/p><ul><li>paper<\/li><li>foil-coated paper<\/li><li>cardboard<\/li><li>plastic films from 0.1-1mm<\/li><li>plastic sheets from 1-3mm<\/li><li>rigid foam sheets from 1-3mm<\/li><\/ul><p>into technical die-cut parts and blanks that are perfectly customised to your needs.<\/p><p>Basically almost all raw materials that are available as sheets or plates!<\/p><p>And also printed!<\/p><p>Many raw materials are available in different colours. You can therefore have your die-cut parts and blanks produced in white, transparent, black and bright colours.<\/p><p>Typical examples are<\/p><ul><li>Measuring scales, printing on transparent plastic, as insert parts in reading devices<\/li><li>Contact breaker for batteries, for shipping a new device with battery, receiver pulls out the grip tab and the part is ready to go<\/li><li>Overlays for maps with slope counters, distance pointers for various scales and the like<\/li><li>Templates for assembly, for example for marking drill hole positions or setting correct distances<\/li><li>Transparent rulers, also bendable and rollable made from flexible thin films<\/li><li>Spacer rings for mechanical engineering<\/li><li>Plug-in parts \/ components<\/li><li>Small plates<\/li><li>Product tags, case tags, bale labels<\/li><li>intermediate layers<\/li><li>Release films<\/li><li>Separating plates<\/li><li>Insulating parts \/ insulating layers<\/li><li>Contour punching of plastic in general<\/li><li>Flat die-cut parts production from PP, PVC, PET, PS,&#8230;<\/li><li>Flower pot plugs<\/li><li>Fat resistant board for fish, pastry, cakes and the like, also metallized<\/li><\/ul>\t\t\t\t\t\t\t\t<\/div>\n\t\t\t\t\t<\/div>\n\t\t\t\t<\/div>\n\t\t<div class=\"elementor-element elementor-element-23ea0a5 e-flex e-con-boxed e-con e-parent\" data-id=\"23ea0a5\" data-element_type=\"container\" data-e-type=\"container\">\n\t\t\t\t\t<div class=\"e-con-inner\">\n\t\t\t\t<div class=\"elementor-element elementor-element-cceb813 elementor-widget elementor-widget-gallery\" data-id=\"cceb813\" data-element_type=\"widget\" data-e-type=\"widget\" data-settings=\"{&quot;aspect_ratio&quot;:&quot;1:1&quot;,&quot;lazyload&quot;:&quot;yes&quot;,&quot;gallery_layout&quot;:&quot;grid&quot;,&quot;columns&quot;:4,&quot;columns_tablet&quot;:2,&quot;columns_mobile&quot;:1,&quot;gap&quot;:{&quot;unit&quot;:&quot;px&quot;,&quot;size&quot;:10,&quot;sizes&quot;:[]},&quot;gap_tablet&quot;:{&quot;unit&quot;:&quot;px&quot;,&quot;size&quot;:10,&quot;sizes&quot;:[]},&quot;gap_mobile&quot;:{&quot;unit&quot;:&quot;px&quot;,&quot;size&quot;:10,&quot;sizes&quot;:[]},&quot;link_to&quot;:&quot;file&quot;,&quot;overlay_background&quot;:&quot;yes&quot;,&quot;content_hover_animation&quot;:&quot;fade-in&quot;}\" data-widget_type=\"gallery.default\">\n\t\t\t\t\t\t\t<div class=\"elementor-gallery__container\">\n\t\t\t\t\t\t\t<a class=\"e-gallery-item elementor-gallery-item elementor-animated-content\" href=\"https:\/\/www.simsa.at\/wp-content\/uploads\/2025\/03\/p1110317.jpg\" data-elementor-open-lightbox=\"yes\" data-elementor-lightbox-slideshow=\"cceb813\" data-elementor-lightbox-title=\"P1110317\" data-elementor-lightbox-description=\"Me\u00dfskala aus transparentem Kunststoff mit Siebdruck Silber und Buntfarben, f\u00fcr Durchflu\u00dfmessung (Einschub-Stanzteil)\" data-e-action-hash=\"#elementor-action%3Aaction%3Dlightbox%26settings%3DeyJpZCI6MTM0MCwidXJsIjoiaHR0cHM6XC9cL3d3dy5zaW1zYS5hdFwvd3AtY29udGVudFwvdXBsb2Fkc1wvMjAyNVwvMDNcL3AxMTEwMzE3LmpwZyIsInNsaWRlc2hvdyI6ImNjZWI4MTMifQ%3D%3D\">\n\t\t\t\t\t<div class=\"e-gallery-image elementor-gallery-item__image\" data-thumbnail=\"https:\/\/www.simsa.at\/wp-content\/uploads\/2025\/03\/p1110317-300x200.jpg\" data-width=\"300\" data-height=\"200\" aria-label=\"\" role=\"img\" ><\/div>\n\t\t\t\t\t\t\t\t\t\t\t<div class=\"elementor-gallery-item__overlay\"><\/div>\n\t\t\t\t\t\t\t\t\t\t\t\t\t\t<\/a>\n\t\t\t\t\t\t\t<a class=\"e-gallery-item elementor-gallery-item elementor-animated-content\" href=\"https:\/\/www.simsa.at\/wp-content\/uploads\/2025\/03\/p1110300.jpg\" data-elementor-open-lightbox=\"yes\" data-elementor-lightbox-slideshow=\"cceb813\" data-elementor-lightbox-title=\"P1110300\" data-elementor-lightbox-description=\"Stanzteil aus Kunststoff-Hartfolie mit Siebdruck in Neonorange, f\u00fcr Anwendung am POS point of sale\" data-e-action-hash=\"#elementor-action%3Aaction%3Dlightbox%26settings%3DeyJpZCI6MTM0MSwidXJsIjoiaHR0cHM6XC9cL3d3dy5zaW1zYS5hdFwvd3AtY29udGVudFwvdXBsb2Fkc1wvMjAyNVwvMDNcL3AxMTEwMzAwLmpwZyIsInNsaWRlc2hvdyI6ImNjZWI4MTMifQ%3D%3D\">\n\t\t\t\t\t<div class=\"e-gallery-image elementor-gallery-item__image\" data-thumbnail=\"https:\/\/www.simsa.at\/wp-content\/uploads\/2025\/03\/p1110300-300x200.jpg\" data-width=\"300\" data-height=\"200\" aria-label=\"\" role=\"img\" ><\/div>\n\t\t\t\t\t\t\t\t\t\t\t<div class=\"elementor-gallery-item__overlay\"><\/div>\n\t\t\t\t\t\t\t\t\t\t\t\t\t\t<\/a>\n\t\t\t\t\t\t\t<a class=\"e-gallery-item elementor-gallery-item elementor-animated-content\" href=\"https:\/\/www.simsa.at\/wp-content\/uploads\/2025\/03\/p1110309.jpg\" data-elementor-open-lightbox=\"yes\" data-elementor-lightbox-slideshow=\"cceb813\" data-elementor-lightbox-title=\"P1110309\" data-elementor-lightbox-description=\"Wasserfester und sehr rei\u00dffester Anh\u00e4nger aus wei\u00dfer Kunststoff-Hartfolie mit Bedruckung und Lochstanzung\" data-e-action-hash=\"#elementor-action%3Aaction%3Dlightbox%26settings%3DeyJpZCI6MTM0MiwidXJsIjoiaHR0cHM6XC9cL3d3dy5zaW1zYS5hdFwvd3AtY29udGVudFwvdXBsb2Fkc1wvMjAyNVwvMDNcL3AxMTEwMzA5LmpwZyIsInNsaWRlc2hvdyI6ImNjZWI4MTMifQ%3D%3D\">\n\t\t\t\t\t<div class=\"e-gallery-image elementor-gallery-item__image\" data-thumbnail=\"https:\/\/www.simsa.at\/wp-content\/uploads\/2025\/03\/p1110309-300x200.jpg\" data-width=\"300\" data-height=\"200\" aria-label=\"Wasserfester und sehr rei\u00dffester Anh\u00e4nger aus wei\u00dfer Kunststoff-Hartfolie mit Bedruckung und Lochstanzung, beschriftbar mit Folienmarker\" role=\"img\" ><\/div>\n\t\t\t\t\t\t\t\t\t\t\t<div class=\"elementor-gallery-item__overlay\"><\/div>\n\t\t\t\t\t\t\t\t\t\t\t\t\t\t<\/a>\n\t\t\t\t\t\t\t<a class=\"e-gallery-item elementor-gallery-item elementor-animated-content\" href=\"https:\/\/www.simsa.at\/wp-content\/uploads\/2025\/03\/p1110311.jpg\" data-elementor-open-lightbox=\"yes\" data-elementor-lightbox-slideshow=\"cceb813\" data-elementor-lightbox-title=\"P1110311\" data-elementor-lightbox-description=\"Prospekthalter - Faltbarer Stanzteil aus transparenter Kunststoff-Hartfolie, mit Klebestreifen f\u00fcr Montage auf Glaselement\" data-e-action-hash=\"#elementor-action%3Aaction%3Dlightbox%26settings%3DeyJpZCI6MTM0MywidXJsIjoiaHR0cHM6XC9cL3d3dy5zaW1zYS5hdFwvd3AtY29udGVudFwvdXBsb2Fkc1wvMjAyNVwvMDNcL3AxMTEwMzExLmpwZyIsInNsaWRlc2hvdyI6ImNjZWI4MTMifQ%3D%3D\">\n\t\t\t\t\t<div class=\"e-gallery-image elementor-gallery-item__image\" data-thumbnail=\"https:\/\/www.simsa.at\/wp-content\/uploads\/2025\/03\/p1110311-300x200.jpg\" data-width=\"300\" data-height=\"200\" aria-label=\"\" role=\"img\" ><\/div>\n\t\t\t\t\t\t\t\t\t\t\t<div class=\"elementor-gallery-item__overlay\"><\/div>\n\t\t\t\t\t\t\t\t\t\t\t\t\t\t<\/a>\n\t\t\t\t\t\t\t<a class=\"e-gallery-item elementor-gallery-item elementor-animated-content\" href=\"https:\/\/www.simsa.at\/wp-content\/uploads\/2025\/03\/p1110304.jpg\" data-elementor-open-lightbox=\"yes\" data-elementor-lightbox-slideshow=\"cceb813\" data-elementor-lightbox-title=\"P1110304\" data-elementor-lightbox-description=\"Kontaktunterbrecher f\u00fcr Batterien - Stanzteil aus hauchd\u00fcnner Polyester-Folie mit Bedruckung und Isolation von Stromspannung\" data-e-action-hash=\"#elementor-action%3Aaction%3Dlightbox%26settings%3DeyJpZCI6MTM0NCwidXJsIjoiaHR0cHM6XC9cL3d3dy5zaW1zYS5hdFwvd3AtY29udGVudFwvdXBsb2Fkc1wvMjAyNVwvMDNcL3AxMTEwMzA0LmpwZyIsInNsaWRlc2hvdyI6ImNjZWI4MTMifQ%3D%3D\">\n\t\t\t\t\t<div class=\"e-gallery-image elementor-gallery-item__image\" data-thumbnail=\"https:\/\/www.simsa.at\/wp-content\/uploads\/2025\/03\/p1110304-300x200.jpg\" data-width=\"300\" data-height=\"200\" aria-label=\"\" role=\"img\" ><\/div>\n\t\t\t\t\t\t\t\t\t\t\t<div class=\"elementor-gallery-item__overlay\"><\/div>\n\t\t\t\t\t\t\t\t\t\t\t\t\t\t<\/a>\n\t\t\t\t\t\t\t<a class=\"e-gallery-item elementor-gallery-item elementor-animated-content\" href=\"https:\/\/www.simsa.at\/wp-content\/uploads\/2025\/03\/p1110307.jpg\" data-elementor-open-lightbox=\"yes\" data-elementor-lightbox-slideshow=\"cceb813\" data-elementor-lightbox-title=\"P1110307\" data-elementor-lightbox-description=\"Feingliedriger Distanzring aus 0,5mm Polypropylen schwarz, technischer Stanzteil f\u00fcr den Maschinenbau\" data-e-action-hash=\"#elementor-action%3Aaction%3Dlightbox%26settings%3DeyJpZCI6MTM0NSwidXJsIjoiaHR0cHM6XC9cL3d3dy5zaW1zYS5hdFwvd3AtY29udGVudFwvdXBsb2Fkc1wvMjAyNVwvMDNcL3AxMTEwMzA3LmpwZyIsInNsaWRlc2hvdyI6ImNjZWI4MTMifQ%3D%3D\">\n\t\t\t\t\t<div class=\"e-gallery-image elementor-gallery-item__image\" data-thumbnail=\"https:\/\/www.simsa.at\/wp-content\/uploads\/2025\/03\/p1110307-300x200.jpg\" data-width=\"300\" data-height=\"200\" aria-label=\"\" role=\"img\" ><\/div>\n\t\t\t\t\t\t\t\t\t\t\t<div class=\"elementor-gallery-item__overlay\"><\/div>\n\t\t\t\t\t\t\t\t\t\t\t\t\t\t<\/a>\n\t\t\t\t\t\t\t<a class=\"e-gallery-item elementor-gallery-item elementor-animated-content\" href=\"https:\/\/www.simsa.at\/wp-content\/uploads\/2025\/03\/p1110298.jpg\" data-elementor-open-lightbox=\"yes\" data-elementor-lightbox-slideshow=\"cceb813\" data-elementor-lightbox-title=\"P1110298\" data-elementor-lightbox-description=\"Druck von Pr\u00e4zisionsskalen auf transparentem Kunststoff mit hoher Ma\u00dfhaltigkeit, langlebiger Siebdruck\" data-e-action-hash=\"#elementor-action%3Aaction%3Dlightbox%26settings%3DeyJpZCI6MTMzOSwidXJsIjoiaHR0cHM6XC9cL3d3dy5zaW1zYS5hdFwvd3AtY29udGVudFwvdXBsb2Fkc1wvMjAyNVwvMDNcL3AxMTEwMjk4LmpwZyIsInNsaWRlc2hvdyI6ImNjZWI4MTMifQ%3D%3D\">\n\t\t\t\t\t<div class=\"e-gallery-image elementor-gallery-item__image\" data-thumbnail=\"https:\/\/www.simsa.at\/wp-content\/uploads\/2025\/03\/p1110298-300x200.jpg\" data-width=\"300\" data-height=\"200\" aria-label=\"\" role=\"img\" ><\/div>\n\t\t\t\t\t\t\t\t\t\t\t<div class=\"elementor-gallery-item__overlay\"><\/div>\n\t\t\t\t\t\t\t\t\t\t\t\t\t\t<\/a>\n\t\t\t\t\t<\/div>\n\t\t\t\t\t<\/div>\n\t\t\t\t\t<\/div>\n\t\t\t\t<\/div>\n\t\t<div class=\"elementor-element elementor-element-5669af2 e-flex e-con-boxed e-con e-parent\" data-id=\"5669af2\" data-element_type=\"container\" data-e-type=\"container\">\n\t\t\t\t\t<div class=\"e-con-inner\">\n\t\t\t\t\t<\/div>\n\t\t\t\t<\/div>\n\t\t\t\t<\/div>\n\t\t","protected":false},"excerpt":{"rendered":"<p>TECHNICAL STAMPED PARTS, BLANKS and PUNCHINGS Stamped parts from individual one-offs to large series! We transform paper foil-coated paper cardboard plastic films from 0.1-1mm plastic sheets from 1-3mm rigid foam sheets from 1-3mm into technical die-cut parts and blanks that are perfectly customised to your needs. Basically almost all raw materials that are available as [&hellip;]<\/p>\n","protected":false},"author":1,"featured_media":1339,"parent":1845,"menu_order":0,"comment_status":"closed","ping_status":"closed","template":"","meta":{"_acf_changed":false,"footnotes":""},"class_list":["post-1760","page","type-page","status-publish","has-post-thumbnail","hentry"],"acf":[],"jetpack_sharing_enabled":true,"_links":{"self":[{"href":"https:\/\/www.simsa.at\/en\/wp-json\/wp\/v2\/pages\/1760","targetHints":{"allow":["GET"]}}],"collection":[{"href":"https:\/\/www.simsa.at\/en\/wp-json\/wp\/v2\/pages"}],"about":[{"href":"https:\/\/www.simsa.at\/en\/wp-json\/wp\/v2\/types\/page"}],"author":[{"embeddable":true,"href":"https:\/\/www.simsa.at\/en\/wp-json\/wp\/v2\/users\/1"}],"replies":[{"embeddable":true,"href":"https:\/\/www.simsa.at\/en\/wp-json\/wp\/v2\/comments?post=1760"}],"version-history":[{"count":5,"href":"https:\/\/www.simsa.at\/en\/wp-json\/wp\/v2\/pages\/1760\/revisions"}],"predecessor-version":[{"id":4356,"href":"https:\/\/www.simsa.at\/en\/wp-json\/wp\/v2\/pages\/1760\/revisions\/4356"}],"up":[{"embeddable":true,"href":"https:\/\/www.simsa.at\/en\/wp-json\/wp\/v2\/pages\/1845"}],"wp:featuredmedia":[{"embeddable":true,"href":"https:\/\/www.simsa.at\/en\/wp-json\/wp\/v2\/media\/1339"}],"wp:attachment":[{"href":"https:\/\/www.simsa.at\/en\/wp-json\/wp\/v2\/media?parent=1760"}],"curies":[{"name":"wp","href":"https:\/\/api.w.org\/{rel}","templated":true}]}}