{"id":1761,"date":"2025-03-14T13:24:07","date_gmt":"2025-03-14T13:24:07","guid":{"rendered":"https:\/\/www.simsa.at\/large-format-printing\/"},"modified":"2025-04-21T18:31:49","modified_gmt":"2025-04-21T18:31:49","slug":"large-format-printing","status":"publish","type":"page","link":"https:\/\/www.simsa.at\/en\/uses\/large-format-printing\/","title":{"rendered":"Large format printing"},"content":{"rendered":"\t\t<div data-elementor-type=\"wp-page\" data-elementor-id=\"1761\" class=\"elementor elementor-1761 elementor-228\" data-elementor-post-type=\"page\">\n\t\t\t\t<div class=\"elementor-element elementor-element-f89a18a e-flex e-con-boxed e-con e-parent\" data-id=\"f89a18a\" data-element_type=\"container\" data-e-type=\"container\">\n\t\t\t\t\t<div class=\"e-con-inner\">\n\t\t\t\t<div class=\"elementor-element elementor-element-3134c10 elementor-widget elementor-widget-heading\" data-id=\"3134c10\" data-element_type=\"widget\" data-e-type=\"widget\" data-widget_type=\"heading.default\">\n\t\t\t\t\t<h1 class=\"elementor-heading-title elementor-size-default\">Large format printing<\/h1>\t\t\t\t<\/div>\n\t\t\t\t<div class=\"elementor-element elementor-element-3a13d94 elementor-widget elementor-widget-text-editor\" data-id=\"3a13d94\" data-element_type=\"widget\" data-e-type=\"widget\" data-widget_type=\"text-editor.default\">\n\t\t\t\t\t\t\t\t\t<p>With large format printing, in recent years often referred to as &#8220;LFP&#8221; for short, the name says it all:<\/p><h3>With us, you can also have really, really large formats printed!<\/h3><p>And that\u00a0<strong>up to 300 x 450cm<\/strong>\u00a0in one piece.<\/p><p>We digitally print all flat materials from around 0.1mm\u00a0<strong>to a maximum of 50mm thick<\/strong>\u00a0and all formats\u00a0<strong>from business card size to 3.20 x 4.50 meter<\/strong>\u00a0XXL panels in one piece. In addition, we can also print on flexible roll materials.<\/p><h3>Color printing and white printing in XXL<\/h3><p>In addition to\u00a0<strong>color printing in CMYK<\/strong>, we also offer\u00a0<strong>white printing<\/strong>\u00a0with digitally applied opaque white. The possibility of digital gloss varnish rounds off the spectrum in terms of design.<\/p><p>No matter whether you need posters made of paper, stickers, signs made of plastic, artificial glass printed, wooden panels, wallpaper, art photo prints or advertising boards: We&#8217;ll print it for you, even if it has to be VERY BIG!<\/p><h3>Format cutting and milling in large format printing<\/h3><p>However, most prints also need a final\u00a0<strong>format cut:<\/strong><\/p><p>Computer-controlled, we cut, saw, mill and drill contours and indentations. And that from very small\u00a0<strong>up to 2,000&#215;3,000mm<\/strong>,\u00a0<strong>with suitable materials and outlines also up to 2,000&#215;4,500mm<\/strong>.<\/p>\t\t\t\t\t\t\t\t<\/div>\n\t\t\t\t\t<\/div>\n\t\t\t\t<\/div>\n\t\t<div class=\"elementor-element elementor-element-6fcf59a e-flex e-con-boxed e-con e-parent\" data-id=\"6fcf59a\" data-element_type=\"container\" data-e-type=\"container\">\n\t\t\t\t\t<div class=\"e-con-inner\">\n\t\t\t\t<div class=\"elementor-element elementor-element-3d3401a elementor-widget elementor-widget-gallery\" data-id=\"3d3401a\" data-element_type=\"widget\" data-e-type=\"widget\" data-settings=\"{&quot;columns&quot;:2,&quot;aspect_ratio&quot;:&quot;1:1&quot;,&quot;lazyload&quot;:&quot;yes&quot;,&quot;gallery_layout&quot;:&quot;grid&quot;,&quot;columns_tablet&quot;:2,&quot;columns_mobile&quot;:1,&quot;gap&quot;:{&quot;unit&quot;:&quot;px&quot;,&quot;size&quot;:10,&quot;sizes&quot;:[]},&quot;gap_tablet&quot;:{&quot;unit&quot;:&quot;px&quot;,&quot;size&quot;:10,&quot;sizes&quot;:[]},&quot;gap_mobile&quot;:{&quot;unit&quot;:&quot;px&quot;,&quot;size&quot;:10,&quot;sizes&quot;:[]},&quot;link_to&quot;:&quot;file&quot;,&quot;overlay_background&quot;:&quot;yes&quot;,&quot;content_hover_animation&quot;:&quot;fade-in&quot;}\" data-widget_type=\"gallery.default\">\n\t\t\t\t\t\t\t<div class=\"elementor-gallery__container\">\n\t\t\t\t\t\t\t<a class=\"e-gallery-item elementor-gallery-item elementor-animated-content\" href=\"https:\/\/www.simsa.at\/wp-content\/uploads\/2025\/03\/grossformatdruck-1.jpg\" data-elementor-open-lightbox=\"yes\" data-elementor-lightbox-slideshow=\"3d3401a\" data-elementor-lightbox-title=\"Grossformatdruck\" data-elementor-lightbox-description=\"Gro\u00dfformatdruck, LFP large format print, auf 2x3m gro\u00dfe Aluverbundplatte, langlebige Au\u00dfenwerbung\" data-e-action-hash=\"#elementor-action%3Aaction%3Dlightbox%26settings%3DeyJpZCI6MTI3OCwidXJsIjoiaHR0cHM6XC9cL3d3dy5zaW1zYS5hdFwvd3AtY29udGVudFwvdXBsb2Fkc1wvMjAyNVwvMDNcL2dyb3NzZm9ybWF0ZHJ1Y2stMS5qcGciLCJzbGlkZXNob3ciOiIzZDM0MDFhIn0%3D\">\n\t\t\t\t\t<div class=\"e-gallery-image elementor-gallery-item__image\" data-thumbnail=\"https:\/\/www.simsa.at\/wp-content\/uploads\/2025\/03\/grossformatdruck-1-1024x683.jpg\" data-width=\"800\" data-height=\"534\" aria-label=\"Gro\u00dfformatdruck, LFP large format print, auf 2x3m gro\u00dfe Aluverbundplatte, langlebige Au\u00dfenwerbung\" role=\"img\" ><\/div>\n\t\t\t\t\t\t\t\t\t\t\t<div class=\"elementor-gallery-item__overlay\"><\/div>\n\t\t\t\t\t\t\t\t\t\t\t\t\t\t<\/a>\n\t\t\t\t\t\t\t<a class=\"e-gallery-item elementor-gallery-item elementor-animated-content\" href=\"https:\/\/www.simsa.at\/wp-content\/uploads\/2025\/03\/kolping_fassadenbeklebung-2.jpg\" data-elementor-open-lightbox=\"yes\" data-elementor-lightbox-slideshow=\"3d3401a\" data-elementor-lightbox-title=\"Kolping Fassadenbeklebung\" data-elementor-lightbox-description=\"Beschriftung einer Glasfassade mit Selbstklebefolienbuchstaben und Klebelogo, 2m H\u00f6he mal 8,5m L\u00e4nge, gesicherte Montage am Dachgeschoss im 4. Stock\" data-e-action-hash=\"#elementor-action%3Aaction%3Dlightbox%26settings%3DeyJpZCI6MTI3OSwidXJsIjoiaHR0cHM6XC9cL3d3dy5zaW1zYS5hdFwvd3AtY29udGVudFwvdXBsb2Fkc1wvMjAyNVwvMDNcL2tvbHBpbmdfZmFzc2FkZW5iZWtsZWJ1bmctMi5qcGciLCJzbGlkZXNob3ciOiIzZDM0MDFhIn0%3D\">\n\t\t\t\t\t<div class=\"e-gallery-image elementor-gallery-item__image\" data-thumbnail=\"https:\/\/www.simsa.at\/wp-content\/uploads\/2025\/03\/kolping_fassadenbeklebung-2-1024x683.jpg\" data-width=\"800\" data-height=\"534\" aria-label=\"Beschriftung einer Glasfassade mit Selbstklebefolienbuchstaben und Klebelogo, 2m H\u00f6he mal 8,5m L\u00e4nge, gesicherte Montage am Dachgeschoss im 4. Stock\" role=\"img\" ><\/div>\n\t\t\t\t\t\t\t\t\t\t\t<div class=\"elementor-gallery-item__overlay\"><\/div>\n\t\t\t\t\t\t\t\t\t\t\t\t\t\t<\/a>\n\t\t\t\t\t\t\t<a class=\"e-gallery-item elementor-gallery-item elementor-animated-content\" href=\"https:\/\/www.simsa.at\/wp-content\/uploads\/2025\/03\/tischpanel_iaea.jpg\" data-elementor-open-lightbox=\"yes\" data-elementor-lightbox-slideshow=\"3d3401a\" data-elementor-lightbox-title=\"Tischpanel IAEA\" data-elementor-lightbox-description=\"4,50m breite Abdecktafel f\u00fcr den Podiumstisch eines Konferenzvorsitzes, Druck \u00dcberformat Hartschaumplatte\" data-e-action-hash=\"#elementor-action%3Aaction%3Dlightbox%26settings%3DeyJpZCI6MTI4MCwidXJsIjoiaHR0cHM6XC9cL3d3dy5zaW1zYS5hdFwvd3AtY29udGVudFwvdXBsb2Fkc1wvMjAyNVwvMDNcL3Rpc2NocGFuZWxfaWFlYS5qcGciLCJzbGlkZXNob3ciOiIzZDM0MDFhIn0%3D\">\n\t\t\t\t\t<div class=\"e-gallery-image elementor-gallery-item__image\" data-thumbnail=\"https:\/\/www.simsa.at\/wp-content\/uploads\/2025\/03\/tischpanel_iaea-1024x683.jpg\" data-width=\"800\" data-height=\"534\" aria-label=\"4,50m breite Abdecktafel f\u00fcr den Podiumstisch eines Konferenzvorsitzes, Druck \u00dcberformat Hartschaumplatte\" role=\"img\" ><\/div>\n\t\t\t\t\t\t\t\t\t\t\t<div class=\"elementor-gallery-item__overlay\"><\/div>\n\t\t\t\t\t\t\t\t\t\t\t\t\t\t<\/a>\n\t\t\t\t\t\t\t<a class=\"e-gallery-item elementor-gallery-item elementor-animated-content\" href=\"https:\/\/www.simsa.at\/wp-content\/uploads\/2025\/03\/schaufensterbeklebung_komplett-2-scaled.jpg\" data-elementor-open-lightbox=\"yes\" data-elementor-lightbox-slideshow=\"3d3401a\" data-elementor-lightbox-title=\"Schaufensterbeklebung Komplett\" data-elementor-lightbox-description=\"Druck und Montage einer kompletten Schaufensterbeklebung mit fast 4m H\u00f6he in Wien\" data-e-action-hash=\"#elementor-action%3Aaction%3Dlightbox%26settings%3DeyJpZCI6MTI4MSwidXJsIjoiaHR0cHM6XC9cL3d3dy5zaW1zYS5hdFwvd3AtY29udGVudFwvdXBsb2Fkc1wvMjAyNVwvMDNcL3NjaGF1ZmVuc3RlcmJla2xlYnVuZ19rb21wbGV0dC0yLXNjYWxlZC5qcGciLCJzbGlkZXNob3ciOiIzZDM0MDFhIn0%3D\">\n\t\t\t\t\t<div class=\"e-gallery-image elementor-gallery-item__image\" data-thumbnail=\"https:\/\/www.simsa.at\/wp-content\/uploads\/2025\/03\/schaufensterbeklebung_komplett-2-1024x682.jpg\" data-width=\"800\" data-height=\"533\" aria-label=\"Druck und Montage einer kompletten Schaufensterbeklebung mit fast 4m H\u00f6he in Wien\" role=\"img\" ><\/div>\n\t\t\t\t\t\t\t\t\t\t\t<div class=\"elementor-gallery-item__overlay\"><\/div>\n\t\t\t\t\t\t\t\t\t\t\t\t\t\t<\/a>\n\t\t\t\t\t\t\t<a class=\"e-gallery-item elementor-gallery-item elementor-animated-content\" href=\"https:\/\/www.simsa.at\/wp-content\/uploads\/2025\/03\/korkwand.jpg\" data-elementor-open-lightbox=\"yes\" data-elementor-lightbox-slideshow=\"3d3401a\" data-elementor-lightbox-title=\"Bedrucken einer Pinwand aus Kork\" data-elementor-lightbox-description=\"Bedrucken einer gro\u00dfformatigen Pinwand aus Kork\" data-e-action-hash=\"#elementor-action%3Aaction%3Dlightbox%26settings%3DeyJpZCI6MTI4MiwidXJsIjoiaHR0cHM6XC9cL3d3dy5zaW1zYS5hdFwvd3AtY29udGVudFwvdXBsb2Fkc1wvMjAyNVwvMDNcL2tvcmt3YW5kLmpwZyIsInNsaWRlc2hvdyI6IjNkMzQwMWEifQ%3D%3D\">\n\t\t\t\t\t<div class=\"e-gallery-image elementor-gallery-item__image\" data-thumbnail=\"https:\/\/www.simsa.at\/wp-content\/uploads\/2025\/03\/korkwand-1024x683.jpg\" data-width=\"800\" data-height=\"534\" aria-label=\"Bedrucken einer gro\u00dfformatigen Pinwand aus Kork\" role=\"img\" ><\/div>\n\t\t\t\t\t\t\t\t\t\t\t<div class=\"elementor-gallery-item__overlay\"><\/div>\n\t\t\t\t\t\t\t\t\t\t\t\t\t\t<\/a>\n\t\t\t\t\t\t\t<a class=\"e-gallery-item elementor-gallery-item elementor-animated-content\" href=\"https:\/\/www.simsa.at\/wp-content\/uploads\/2025\/03\/led_leuchtrahmen-1.jpg\" data-elementor-open-lightbox=\"yes\" data-elementor-lightbox-slideshow=\"3d3401a\" data-elementor-lightbox-title=\"LED-Leuchtrahmen\" data-elementor-lightbox-description=\"Gro\u00dfformatiger LED-Leuchtklapprahmen 2,6x1,3m mit einfachem Motivwechsel \u00fcber Backlitfolie\" data-e-action-hash=\"#elementor-action%3Aaction%3Dlightbox%26settings%3DeyJpZCI6MTI4MywidXJsIjoiaHR0cHM6XC9cL3d3dy5zaW1zYS5hdFwvd3AtY29udGVudFwvdXBsb2Fkc1wvMjAyNVwvMDNcL2xlZF9sZXVjaHRyYWhtZW4tMS5qcGciLCJzbGlkZXNob3ciOiIzZDM0MDFhIn0%3D\">\n\t\t\t\t\t<div class=\"e-gallery-image elementor-gallery-item__image\" data-thumbnail=\"https:\/\/www.simsa.at\/wp-content\/uploads\/2025\/03\/led_leuchtrahmen-1-1024x683.jpg\" data-width=\"800\" data-height=\"534\" aria-label=\"Gro\u00dfformatiger LED-Leuchtklapprahmen 2,6x1,3m mit einfachem Motivwechsel \u00fcber Backlitfolie\" role=\"img\" ><\/div>\n\t\t\t\t\t\t\t\t\t\t\t<div class=\"elementor-gallery-item__overlay\"><\/div>\n\t\t\t\t\t\t\t\t\t\t\t\t\t\t<\/a>\n\t\t\t\t\t\t\t<a class=\"e-gallery-item elementor-gallery-item elementor-animated-content\" href=\"https:\/\/www.simsa.at\/wp-content\/uploads\/2025\/03\/acrylglasplatten-1.jpg\" data-elementor-open-lightbox=\"yes\" data-elementor-lightbox-slideshow=\"3d3401a\" data-elementor-lightbox-title=\"Acrylglasplatten\" data-elementor-lightbox-description=\"Gro\u00dffl\u00e4chige Wanddekoration aus bedruckten Acrylglasplatten\" data-e-action-hash=\"#elementor-action%3Aaction%3Dlightbox%26settings%3DeyJpZCI6MTI4NCwidXJsIjoiaHR0cHM6XC9cL3d3dy5zaW1zYS5hdFwvd3AtY29udGVudFwvdXBsb2Fkc1wvMjAyNVwvMDNcL2FjcnlsZ2xhc3BsYXR0ZW4tMS5qcGciLCJzbGlkZXNob3ciOiIzZDM0MDFhIn0%3D\">\n\t\t\t\t\t<div class=\"e-gallery-image elementor-gallery-item__image\" data-thumbnail=\"https:\/\/www.simsa.at\/wp-content\/uploads\/2025\/03\/acrylglasplatten-1.jpg\" data-width=\"638\" data-height=\"425\" aria-label=\"Gro\u00dffl\u00e4chige Wanddekoration aus bedruckten Acrylglasplatten\" role=\"img\" ><\/div>\n\t\t\t\t\t\t\t\t\t\t\t<div class=\"elementor-gallery-item__overlay\"><\/div>\n\t\t\t\t\t\t\t\t\t\t\t\t\t\t<\/a>\n\t\t\t\t\t\t\t<a class=\"e-gallery-item elementor-gallery-item elementor-animated-content\" href=\"https:\/\/www.simsa.at\/wp-content\/uploads\/2025\/03\/leuchtkasten_kolping_01.jpg\" data-elementor-open-lightbox=\"yes\" data-elementor-lightbox-slideshow=\"3d3401a\" data-elementor-lightbox-title=\"Leuchtkasten Kolping\" data-elementor-lightbox-description=\"XL-Leuchtkasten aus Acrylglas in 3x2m f\u00fcr das Kolpinghaus Krems\" data-e-action-hash=\"#elementor-action%3Aaction%3Dlightbox%26settings%3DeyJpZCI6MTI4NSwidXJsIjoiaHR0cHM6XC9cL3d3dy5zaW1zYS5hdFwvd3AtY29udGVudFwvdXBsb2Fkc1wvMjAyNVwvMDNcL2xldWNodGthc3Rlbl9rb2xwaW5nXzAxLmpwZyIsInNsaWRlc2hvdyI6IjNkMzQwMWEifQ%3D%3D\">\n\t\t\t\t\t<div class=\"e-gallery-image elementor-gallery-item__image\" data-thumbnail=\"https:\/\/www.simsa.at\/wp-content\/uploads\/2025\/03\/leuchtkasten_kolping_01-1024x683.jpg\" data-width=\"800\" data-height=\"534\" aria-label=\"XL-Leuchtkasten aus Acrylglas in 3x2m f\u00fcr das Kolpinghaus Krems, Druck einer Ersatzscheibe\" role=\"img\" ><\/div>\n\t\t\t\t\t\t\t\t\t\t\t<div class=\"elementor-gallery-item__overlay\"><\/div>\n\t\t\t\t\t\t\t\t\t\t\t\t\t\t<\/a>\n\t\t\t\t\t<\/div>\n\t\t\t\t\t<\/div>\n\t\t\t\t\t<\/div>\n\t\t\t\t<\/div>\n\t\t<div class=\"elementor-element elementor-element-51cfb05 e-flex e-con-boxed e-con e-parent\" data-id=\"51cfb05\" data-element_type=\"container\" data-e-type=\"container\">\n\t\t\t\t\t<div class=\"e-con-inner\">\n\t\t\t\t<div class=\"elementor-element elementor-element-af898a3 elementor-widget elementor-widget-heading\" data-id=\"af898a3\" data-element_type=\"widget\" data-e-type=\"widget\" data-widget_type=\"heading.default\">\n\t\t\t\t\t<h2 class=\"elementor-heading-title elementor-size-default\">FAQ<\/h2>\t\t\t\t<\/div>\n\t\t\t\t<div class=\"elementor-element elementor-element-3ea6cf0 uael-faq-box-layout-yes align-at-left elementor-widget elementor-widget-uael-faq\" data-id=\"3ea6cf0\" data-element_type=\"widget\" data-e-type=\"widget\" data-widget_type=\"uael-faq.default\">\n\t\t\t\t<div class=\"elementor-widget-container\">\n\t\t\t\t\t\n\t\t\t<div id='uael-faq-wrapper-656' class=\"uael-faq-wrapper\">\n\t\t\t\t<div class=\"uael-faq-container uael-faq-layout-accordion\" data-layout=\"accordion\" >\n\t\t\t\t\t\t\t\t\t\t\t\t<div id=\"uael-accordion-573f3ea\" class=\"uael-faq-accordion\" role=\"tablist\">\n\t\t\t\t\t\t\t\t<div class= \"uael-accordion-title\" aria-expanded=\"false\" role=\"tab\">\n\t\t\t\t\t\t\t\t\t<span class=\"uael-accordion-icon uael-accordion-icon-left\">\n\t\t\t\t\t\t\t\t\t\t<span class=\"uael-accordion-icon-closed\"><svg class=\"e-font-icon-svg e-fas-angle-right\" viewBox=\"0 0 256 512\" xmlns=\"http:\/\/www.w3.org\/2000\/svg\"><path d=\"M224.3 273l-136 136c-9.4 9.4-24.6 9.4-33.9 0l-22.6-22.6c-9.4-9.4-9.4-24.6 0-33.9l96.4-96.4-96.4-96.4c-9.4-9.4-9.4-24.6 0-33.9L54.3 103c9.4-9.4 24.6-9.4 33.9 0l136 136c9.5 9.4 9.5 24.6.1 34z\"><\/path><\/svg><\/span>\n\t\t\t\t\t\t\t\t\t\t<span class=\"uael-accordion-icon-opened\"><svg class=\"e-font-icon-svg e-fas-angle-up\" viewBox=\"0 0 320 512\" xmlns=\"http:\/\/www.w3.org\/2000\/svg\"><path d=\"M177 159.7l136 136c9.4 9.4 9.4 24.6 0 33.9l-22.6 22.6c-9.4 9.4-24.6 9.4-33.9 0L160 255.9l-96.4 96.4c-9.4 9.4-24.6 9.4-33.9 0L7 329.7c-9.4-9.4-9.4-24.6 0-33.9l136-136c9.4-9.5 24.6-9.5 34-.1z\"><\/path><\/svg><\/span>\n\t\t\t\t\t\t\t\t\t<\/span>\n\t\t\t\t\t\t\t\t\t<span class=\"uael-question-573f3ea uael-question-span\" tabindex=\"0\" id=\"uael-faq-1-69d232244d9ab\">Local large format printers in Vienna \/ Austria with English spoken?<\/span>\n\t\t\t\t\t\t\t\t<\/div>\n\t\t\t\t\t\t\t\t<div class=\"uael-accordion-content\" role=\"tabpanel\">\n\t\t\t\t\t\t\t\t\t<span>\n\t\t\t\t\t\t\t\t\t<span><p>The Vienna based printing office Simsa, www.simsa.at, produces large format printing up to 200x300cm (78x118 inch), slim sizes up to 450cm (177 inch), on a wide range of substrates.<\/p><p>Advice, consultation and order processing is offered in English language as well as German.<\/p><p>If desired, also installation at the customer\u00b4s site can be organized by Simsa with an English speaking team.<\/p><p>Furthermore, the webpage of Simsa is available bilingual in German as well as in English.<\/p><\/span>\t\t\t\t\t\t\t\t\t<\/span>\n\t\t\t\t\t\t\t\t<\/div>\n\t\t\t\t\t\t\t<\/div>\n\t\t\t\t\t\t\t\t\t\t\t<\/div>\n\t\t\t<\/div>\n\t\t\t\t\t\t\t<\/div>\n\t\t\t\t<\/div>\n\t\t\t\t\t<\/div>\n\t\t\t\t<\/div>\n\t\t\t\t<\/div>\n\t\t","protected":false},"excerpt":{"rendered":"<p>Large format printing With large format printing, in recent years often referred to as &#8220;LFP&#8221; for short, the name says it all: With us, you can also have really, really large formats printed! And that\u00a0up to 300 x 450cm\u00a0in one piece. We digitally print all flat materials from around 0.1mm\u00a0to a maximum of 50mm thick\u00a0and [&hellip;]<\/p>\n","protected":false},"author":1,"featured_media":1279,"parent":1845,"menu_order":0,"comment_status":"closed","ping_status":"closed","template":"","meta":{"_acf_changed":false,"footnotes":""},"class_list":["post-1761","page","type-page","status-publish","has-post-thumbnail","hentry"],"acf":[],"jetpack_sharing_enabled":true,"_links":{"self":[{"href":"https:\/\/www.simsa.at\/en\/wp-json\/wp\/v2\/pages\/1761","targetHints":{"allow":["GET"]}}],"collection":[{"href":"https:\/\/www.simsa.at\/en\/wp-json\/wp\/v2\/pages"}],"about":[{"href":"https:\/\/www.simsa.at\/en\/wp-json\/wp\/v2\/types\/page"}],"author":[{"embeddable":true,"href":"https:\/\/www.simsa.at\/en\/wp-json\/wp\/v2\/users\/1"}],"replies":[{"embeddable":true,"href":"https:\/\/www.simsa.at\/en\/wp-json\/wp\/v2\/comments?post=1761"}],"version-history":[{"count":7,"href":"https:\/\/www.simsa.at\/en\/wp-json\/wp\/v2\/pages\/1761\/revisions"}],"predecessor-version":[{"id":2386,"href":"https:\/\/www.simsa.at\/en\/wp-json\/wp\/v2\/pages\/1761\/revisions\/2386"}],"up":[{"embeddable":true,"href":"https:\/\/www.simsa.at\/en\/wp-json\/wp\/v2\/pages\/1845"}],"wp:featuredmedia":[{"embeddable":true,"href":"https:\/\/www.simsa.at\/en\/wp-json\/wp\/v2\/media\/1279"}],"wp:attachment":[{"href":"https:\/\/www.simsa.at\/en\/wp-json\/wp\/v2\/media?parent=1761"}],"curies":[{"name":"wp","href":"https:\/\/api.w.org\/{rel}","templated":true}]}}