{"id":1784,"date":"2025-03-14T14:30:00","date_gmt":"2025-03-14T14:30:00","guid":{"rendered":"https:\/\/www.simsa.at\/have-signs-printed\/"},"modified":"2025-10-08T03:27:32","modified_gmt":"2025-10-08T03:27:32","slug":"signs-boards","status":"publish","type":"page","link":"https:\/\/www.simsa.at\/en\/uses\/signs-boards\/","title":{"rendered":"Have signs printed"},"content":{"rendered":"\t\t<div data-elementor-type=\"wp-page\" data-elementor-id=\"1784\" class=\"elementor elementor-1784 elementor-294\" data-elementor-post-type=\"page\">\n\t\t\t\t<div class=\"elementor-element elementor-element-20a7f93 e-flex e-con-boxed e-con e-parent\" data-id=\"20a7f93\" data-element_type=\"container\" data-e-type=\"container\">\n\t\t\t\t\t<div class=\"e-con-inner\">\n\t\t\t\t<div class=\"elementor-element elementor-element-72da652 elementor-widget elementor-widget-heading\" data-id=\"72da652\" data-element_type=\"widget\" data-e-type=\"widget\" data-widget_type=\"heading.default\">\n\t\t\t\t\t<h1 class=\"elementor-heading-title elementor-size-default\">Have signs printed<\/h1>\t\t\t\t<\/div>\n\t\t\t\t\t<\/div>\n\t\t\t\t<\/div>\n\t\t<div class=\"elementor-element elementor-element-52f022a e-flex e-con-boxed e-con e-parent\" data-id=\"52f022a\" data-element_type=\"container\" data-e-type=\"container\">\n\t\t\t\t\t<div class=\"e-con-inner\">\n\t\t\t\t<div class=\"elementor-element elementor-element-11c7e93 elementor-widget elementor-widget-text-editor\" data-id=\"11c7e93\" data-element_type=\"widget\" data-e-type=\"widget\" data-widget_type=\"text-editor.default\">\n\t\t\t\t\t\t\t\t\t<p><strong>We print boards and signs from very small to several meters long, from thin to several centimeters thick<\/strong>.<\/p><p>Information boards and signs accompany us throughout our everyday lives: Whether at the construction site on the way to work, in the office building, in the elevator, in the doctor&#8217;s office, in public places, on the boards at the soccer field, in the museum or while shopping in the shopping center. When you are out and about, it is very possible that you will unknowingly pass by one of our signage.<\/p><p>With us, you can have almost any type of\u00a0<strong>company sign<\/strong>,\u00a0<strong>billboard, construction site sign<\/strong>,\u00a0<strong>identification<\/strong>\u00a0sign,\u00a0<strong>warning sign<\/strong>,\u00a0<strong>directional sign<\/strong>, and\u00a0<strong>advertising sign printed<\/strong>.<\/p><p>With the variety of materials, you can choose the optimum for your application:<\/p><h3><strong>Opaque plastics<\/strong><\/h3><p>Opaque plastics are available as\u00a0<strong>hard sheets<\/strong>,\u00a0<strong>lightweight foam sheets<\/strong>, as well as\u00a0<strong>ultra-lightweight twin-wall sheets<\/strong>\u00a0in linear or honeycomb inner form. The plastics typically used here are polypropylene or polystyrene. These materials are often used in point-of-sale advertising or for election advertising.<\/p><h3><strong>Transparent plastics<\/strong><\/h3><p>Transparent plastics made of\u00a0<strong>Plexiglas<\/strong>\u00a0or\u00a0<strong>acrylic<\/strong>\u00a0glass are very popular for lettering on and in buildings. Lettering made of synthetic glass is suitable for surgeries, office buildings, museums and exhibitions as well as backlit for use as illuminated advertising.<\/p><p>If the more impact-resistant\u00a0<strong>polycarbonate<\/strong>\u00a0is printed instead of acrylic glass, theft-proof showcases or safety enclosures for machines can be excellently illustrated.<\/p><p>Also interior design has discovered printed Plexiglas for itself, for example for printed tabletops or high-quality art prints as wall decor. In the field of art, acrylic glass is also often used as base layer or presentation stage for art photo reproduction.<\/p><h3><strong>Aluminum composite panels<\/strong><\/h3><p>Composite aluminum sheets are particularly resistant to bending and mechanical impact. They can therefore withstand high wind pressure and are often used as construction site panels.<\/p><h3><strong>Wooden panels<\/strong><\/h3><p>You can also have wooden panels printed by us. Here, the focus is usually on design, for example when strongly structured surfaces are to be retained in their natural appearance after printing.<\/p>\t\t\t\t\t\t\t\t<\/div>\n\t\t\t\t\t<\/div>\n\t\t\t\t<\/div>\n\t\t<div class=\"elementor-element elementor-element-5b9982d e-flex e-con-boxed e-con e-parent\" data-id=\"5b9982d\" data-element_type=\"container\" data-e-type=\"container\">\n\t\t\t\t\t<div class=\"e-con-inner\">\n\t\t\t\t<div class=\"elementor-element elementor-element-3ff2d96 elementor-widget elementor-widget-gallery\" data-id=\"3ff2d96\" data-element_type=\"widget\" data-e-type=\"widget\" data-settings=\"{&quot;columns&quot;:5,&quot;aspect_ratio&quot;:&quot;1:1&quot;,&quot;lazyload&quot;:&quot;yes&quot;,&quot;gallery_layout&quot;:&quot;grid&quot;,&quot;columns_tablet&quot;:2,&quot;columns_mobile&quot;:1,&quot;gap&quot;:{&quot;unit&quot;:&quot;px&quot;,&quot;size&quot;:10,&quot;sizes&quot;:[]},&quot;gap_tablet&quot;:{&quot;unit&quot;:&quot;px&quot;,&quot;size&quot;:10,&quot;sizes&quot;:[]},&quot;gap_mobile&quot;:{&quot;unit&quot;:&quot;px&quot;,&quot;size&quot;:10,&quot;sizes&quot;:[]},&quot;link_to&quot;:&quot;file&quot;,&quot;overlay_background&quot;:&quot;yes&quot;,&quot;content_hover_animation&quot;:&quot;fade-in&quot;}\" data-widget_type=\"gallery.default\">\n\t\t\t\t\t\t\t<div class=\"elementor-gallery__container\">\n\t\t\t\t\t\t\t<a class=\"e-gallery-item elementor-gallery-item elementor-animated-content\" href=\"https:\/\/www.simsa.at\/wp-content\/uploads\/2025\/03\/schild_aus_polystyrol-1.jpg\" data-elementor-open-lightbox=\"yes\" data-elementor-lightbox-slideshow=\"3ff2d96\" data-elementor-lightbox-title=\"Schild Aus Polystyrol\" data-elementor-lightbox-description=\"Schild aus Polystyrol, bedruckt, in verschiedenen St\u00e4rken, Gr\u00f6\u00dfen und Formen erh\u00e4ltlich\" data-e-action-hash=\"#elementor-action%3Aaction%3Dlightbox%26settings%3DeyJpZCI6MTMwOSwidXJsIjoiaHR0cHM6XC9cL3d3dy5zaW1zYS5hdFwvd3AtY29udGVudFwvdXBsb2Fkc1wvMjAyNVwvMDNcL3NjaGlsZF9hdXNfcG9seXN0eXJvbC0xLmpwZyIsInNsaWRlc2hvdyI6IjNmZjJkOTYifQ%3D%3D\">\n\t\t\t\t\t<div class=\"e-gallery-image elementor-gallery-item__image\" data-thumbnail=\"https:\/\/www.simsa.at\/wp-content\/uploads\/2025\/03\/schild_aus_polystyrol-1-1024x683.jpg\" data-width=\"800\" data-height=\"534\" aria-label=\"\" role=\"img\" ><\/div>\n\t\t\t\t\t\t\t\t\t\t\t<div class=\"elementor-gallery-item__overlay\"><\/div>\n\t\t\t\t\t\t\t\t\t\t\t\t\t\t<\/a>\n\t\t\t\t\t\t\t<a class=\"e-gallery-item elementor-gallery-item elementor-animated-content\" href=\"https:\/\/www.simsa.at\/wp-content\/uploads\/2025\/03\/schild_mit_kontur_gefraest-1.jpg\" data-elementor-open-lightbox=\"yes\" data-elementor-lightbox-slideshow=\"3ff2d96\" data-elementor-lightbox-title=\"Schild Mit Kontur Gefraest\" data-elementor-lightbox-description=\"Bedrucktes Schild aus Hartschaumplatte mit gefr\u00e4ster Sprechblasen-Form\" data-e-action-hash=\"#elementor-action%3Aaction%3Dlightbox%26settings%3DeyJpZCI6MTMxMCwidXJsIjoiaHR0cHM6XC9cL3d3dy5zaW1zYS5hdFwvd3AtY29udGVudFwvdXBsb2Fkc1wvMjAyNVwvMDNcL3NjaGlsZF9taXRfa29udHVyX2dlZnJhZXN0LTEuanBnIiwic2xpZGVzaG93IjoiM2ZmMmQ5NiJ9\">\n\t\t\t\t\t<div class=\"e-gallery-image elementor-gallery-item__image\" data-thumbnail=\"https:\/\/www.simsa.at\/wp-content\/uploads\/2025\/03\/schild_mit_kontur_gefraest-1-1024x683.jpg\" data-width=\"800\" data-height=\"534\" aria-label=\"\" role=\"img\" ><\/div>\n\t\t\t\t\t\t\t\t\t\t\t<div class=\"elementor-gallery-item__overlay\"><\/div>\n\t\t\t\t\t\t\t\t\t\t\t\t\t\t<\/a>\n\t\t\t\t\t\t\t<a class=\"e-gallery-item elementor-gallery-item elementor-animated-content\" href=\"https:\/\/www.simsa.at\/wp-content\/uploads\/2025\/03\/schild_hohlkammerwabenplatte.jpg\" data-elementor-open-lightbox=\"yes\" data-elementor-lightbox-slideshow=\"3ff2d96\" data-elementor-lightbox-title=\"Schild Hohlkammerwabenplatte\" data-elementor-lightbox-description=\"Schild aus Hohlkammerwabenplatte, bedruckt, wenig Gewicht, PP Polypropylen\" data-e-action-hash=\"#elementor-action%3Aaction%3Dlightbox%26settings%3DeyJpZCI6MTMxMSwidXJsIjoiaHR0cHM6XC9cL3d3dy5zaW1zYS5hdFwvd3AtY29udGVudFwvdXBsb2Fkc1wvMjAyNVwvMDNcL3NjaGlsZF9ob2hsa2FtbWVyd2FiZW5wbGF0dGUuanBnIiwic2xpZGVzaG93IjoiM2ZmMmQ5NiJ9\">\n\t\t\t\t\t<div class=\"e-gallery-image elementor-gallery-item__image\" data-thumbnail=\"https:\/\/www.simsa.at\/wp-content\/uploads\/2025\/03\/schild_hohlkammerwabenplatte-1024x683.jpg\" data-width=\"800\" data-height=\"534\" aria-label=\"\" role=\"img\" ><\/div>\n\t\t\t\t\t\t\t\t\t\t\t<div class=\"elementor-gallery-item__overlay\"><\/div>\n\t\t\t\t\t\t\t\t\t\t\t\t\t\t<\/a>\n\t\t\t\t\t\t\t<a class=\"e-gallery-item elementor-gallery-item elementor-animated-content\" href=\"https:\/\/www.simsa.at\/wp-content\/uploads\/2025\/03\/schild_mit_ausnehmung_gefraest-1.jpg\" data-elementor-open-lightbox=\"yes\" data-elementor-lightbox-slideshow=\"3ff2d96\" data-elementor-lightbox-title=\"Schild Mit Ausnehmung Gefraest\" data-elementor-lightbox-description=\"Bedrucktes Schild aus Hartschaumplatte mit ausgefr\u00e4ster Innenkontur zur Montage eines Glocken-Tasters\" data-e-action-hash=\"#elementor-action%3Aaction%3Dlightbox%26settings%3DeyJpZCI6MTMxMiwidXJsIjoiaHR0cHM6XC9cL3d3dy5zaW1zYS5hdFwvd3AtY29udGVudFwvdXBsb2Fkc1wvMjAyNVwvMDNcL3NjaGlsZF9taXRfYXVzbmVobXVuZ19nZWZyYWVzdC0xLmpwZyIsInNsaWRlc2hvdyI6IjNmZjJkOTYifQ%3D%3D\">\n\t\t\t\t\t<div class=\"e-gallery-image elementor-gallery-item__image\" data-thumbnail=\"https:\/\/www.simsa.at\/wp-content\/uploads\/2025\/03\/schild_mit_ausnehmung_gefraest-1-1024x683.jpg\" data-width=\"800\" data-height=\"534\" aria-label=\"\" role=\"img\" ><\/div>\n\t\t\t\t\t\t\t\t\t\t\t<div class=\"elementor-gallery-item__overlay\"><\/div>\n\t\t\t\t\t\t\t\t\t\t\t\t\t\t<\/a>\n\t\t\t\t\t\t\t<a class=\"e-gallery-item elementor-gallery-item elementor-animated-content\" href=\"https:\/\/www.simsa.at\/wp-content\/uploads\/2025\/03\/schild_polypropylen.jpg\" data-elementor-open-lightbox=\"yes\" data-elementor-lightbox-slideshow=\"3ff2d96\" data-elementor-lightbox-title=\"Schild Polypropylen\" data-elementor-lightbox-description=\"Bedrucktes Schild aus PP Polypropylen, gestanzt und gelocht\" data-e-action-hash=\"#elementor-action%3Aaction%3Dlightbox%26settings%3DeyJpZCI6MTMxMywidXJsIjoiaHR0cHM6XC9cL3d3dy5zaW1zYS5hdFwvd3AtY29udGVudFwvdXBsb2Fkc1wvMjAyNVwvMDNcL3NjaGlsZF9wb2x5cHJvcHlsZW4uanBnIiwic2xpZGVzaG93IjoiM2ZmMmQ5NiJ9\">\n\t\t\t\t\t<div class=\"e-gallery-image elementor-gallery-item__image\" data-thumbnail=\"https:\/\/www.simsa.at\/wp-content\/uploads\/2025\/03\/schild_polypropylen-1024x683.jpg\" data-width=\"800\" data-height=\"534\" aria-label=\"\" role=\"img\" ><\/div>\n\t\t\t\t\t\t\t\t\t\t\t<div class=\"elementor-gallery-item__overlay\"><\/div>\n\t\t\t\t\t\t\t\t\t\t\t\t\t\t<\/a>\n\t\t\t\t\t\t\t<a class=\"e-gallery-item elementor-gallery-item elementor-animated-content\" href=\"https:\/\/www.simsa.at\/wp-content\/uploads\/2025\/03\/schild_polystyrol.jpg\" data-elementor-open-lightbox=\"yes\" data-elementor-lightbox-slideshow=\"3ff2d96\" data-elementor-lightbox-title=\"Schild Polystyrol\" data-elementor-lightbox-description=\"Bedrucktes Hinweisschild Feuerl\u00f6scher aus PS Polystyrol\" data-e-action-hash=\"#elementor-action%3Aaction%3Dlightbox%26settings%3DeyJpZCI6MTMxNCwidXJsIjoiaHR0cHM6XC9cL3d3dy5zaW1zYS5hdFwvd3AtY29udGVudFwvdXBsb2Fkc1wvMjAyNVwvMDNcL3NjaGlsZF9wb2x5c3R5cm9sLmpwZyIsInNsaWRlc2hvdyI6IjNmZjJkOTYifQ%3D%3D\">\n\t\t\t\t\t<div class=\"e-gallery-image elementor-gallery-item__image\" data-thumbnail=\"https:\/\/www.simsa.at\/wp-content\/uploads\/2025\/03\/schild_polystyrol-1024x683.jpg\" data-width=\"800\" data-height=\"534\" aria-label=\"\" role=\"img\" ><\/div>\n\t\t\t\t\t\t\t\t\t\t\t<div class=\"elementor-gallery-item__overlay\"><\/div>\n\t\t\t\t\t\t\t\t\t\t\t\t\t\t<\/a>\n\t\t\t\t\t\t\t<a class=\"e-gallery-item elementor-gallery-item elementor-animated-content\" href=\"https:\/\/www.simsa.at\/wp-content\/uploads\/2025\/03\/schild_selbstklebend_pet.jpg\" data-elementor-open-lightbox=\"yes\" data-elementor-lightbox-slideshow=\"3ff2d96\" data-elementor-lightbox-title=\"Schild Selbstklebend Pet\" data-elementor-lightbox-description=\"Schild selbstklebend, transparente Hartfolie aus PET, innenliegend bedruckt\" data-e-action-hash=\"#elementor-action%3Aaction%3Dlightbox%26settings%3DeyJpZCI6MTMxNSwidXJsIjoiaHR0cHM6XC9cL3d3dy5zaW1zYS5hdFwvd3AtY29udGVudFwvdXBsb2Fkc1wvMjAyNVwvMDNcL3NjaGlsZF9zZWxic3RrbGViZW5kX3BldC5qcGciLCJzbGlkZXNob3ciOiIzZmYyZDk2In0%3D\">\n\t\t\t\t\t<div class=\"e-gallery-image elementor-gallery-item__image\" data-thumbnail=\"https:\/\/www.simsa.at\/wp-content\/uploads\/2025\/03\/schild_selbstklebend_pet-1024x683.jpg\" data-width=\"800\" data-height=\"534\" aria-label=\"\" role=\"img\" ><\/div>\n\t\t\t\t\t\t\t\t\t\t\t<div class=\"elementor-gallery-item__overlay\"><\/div>\n\t\t\t\t\t\t\t\t\t\t\t\t\t\t<\/a>\n\t\t\t\t\t\t\t<a class=\"e-gallery-item elementor-gallery-item elementor-animated-content\" href=\"https:\/\/www.simsa.at\/wp-content\/uploads\/2025\/03\/tuerschild_acrylglas-2.jpg\" data-elementor-open-lightbox=\"yes\" data-elementor-lightbox-slideshow=\"3ff2d96\" data-elementor-lightbox-title=\"Tuerschild Acrylglas\" data-elementor-lightbox-description=\"T\u00fcrschild aus Acrylglas, r\u00fcckseitig bedruckt mit wei\u00dfer Hinterlegung (Hinterglas)\" data-e-action-hash=\"#elementor-action%3Aaction%3Dlightbox%26settings%3DeyJpZCI6MTMxNiwidXJsIjoiaHR0cHM6XC9cL3d3dy5zaW1zYS5hdFwvd3AtY29udGVudFwvdXBsb2Fkc1wvMjAyNVwvMDNcL3R1ZXJzY2hpbGRfYWNyeWxnbGFzLTIuanBnIiwic2xpZGVzaG93IjoiM2ZmMmQ5NiJ9\">\n\t\t\t\t\t<div class=\"e-gallery-image elementor-gallery-item__image\" data-thumbnail=\"https:\/\/www.simsa.at\/wp-content\/uploads\/2025\/03\/tuerschild_acrylglas-2-1024x683.jpg\" data-width=\"800\" data-height=\"534\" aria-label=\"\" role=\"img\" ><\/div>\n\t\t\t\t\t\t\t\t\t\t\t<div class=\"elementor-gallery-item__overlay\"><\/div>\n\t\t\t\t\t\t\t\t\t\t\t\t\t\t<\/a>\n\t\t\t\t\t\t\t<a class=\"e-gallery-item elementor-gallery-item elementor-animated-content\" href=\"https:\/\/www.simsa.at\/wp-content\/uploads\/2025\/03\/wobbler_metallic.jpg\" data-elementor-open-lightbox=\"yes\" data-elementor-lightbox-slideshow=\"3ff2d96\" data-elementor-lightbox-title=\"Wobbler Metallic\" data-elementor-lightbox-description=\"Metallisierter Wobbler, bedruckt und gestanzt\" data-e-action-hash=\"#elementor-action%3Aaction%3Dlightbox%26settings%3DeyJpZCI6MTMxNywidXJsIjoiaHR0cHM6XC9cL3d3dy5zaW1zYS5hdFwvd3AtY29udGVudFwvdXBsb2Fkc1wvMjAyNVwvMDNcL3dvYmJsZXJfbWV0YWxsaWMuanBnIiwic2xpZGVzaG93IjoiM2ZmMmQ5NiJ9\">\n\t\t\t\t\t<div class=\"e-gallery-image elementor-gallery-item__image\" data-thumbnail=\"https:\/\/www.simsa.at\/wp-content\/uploads\/2025\/03\/wobbler_metallic-1024x683.jpg\" data-width=\"800\" data-height=\"534\" aria-label=\"\" role=\"img\" ><\/div>\n\t\t\t\t\t\t\t\t\t\t\t<div class=\"elementor-gallery-item__overlay\"><\/div>\n\t\t\t\t\t\t\t\t\t\t\t\t\t\t<\/a>\n\t\t\t\t\t\t\t<a class=\"e-gallery-item elementor-gallery-item elementor-animated-content\" href=\"https:\/\/www.simsa.at\/wp-content\/uploads\/2025\/03\/digitaldruck_diverse.jpg\" data-elementor-open-lightbox=\"yes\" data-elementor-lightbox-slideshow=\"3ff2d96\" data-elementor-lightbox-title=\"Digitaldruck auf verschiedenste Materialien\" data-elementor-lightbox-description=\"UV-Inkjet Digitaldruck auf verschiedensten Materialien (d\u00fcnne Folie, Acrylglas, Holzplatte, Stegplatte, Aluplatte, Graupappe, Schaumplatte)\" data-e-action-hash=\"#elementor-action%3Aaction%3Dlightbox%26settings%3DeyJpZCI6MTMxOCwidXJsIjoiaHR0cHM6XC9cL3d3dy5zaW1zYS5hdFwvd3AtY29udGVudFwvdXBsb2Fkc1wvMjAyNVwvMDNcL2RpZ2l0YWxkcnVja19kaXZlcnNlLmpwZyIsInNsaWRlc2hvdyI6IjNmZjJkOTYifQ%3D%3D\">\n\t\t\t\t\t<div class=\"e-gallery-image elementor-gallery-item__image\" data-thumbnail=\"https:\/\/www.simsa.at\/wp-content\/uploads\/2025\/03\/digitaldruck_diverse-1024x684.jpg\" data-width=\"800\" data-height=\"534\" aria-label=\"UV-Inkjet Digitaldruck auf verschiedensten Materialien (d\u00fcnne Folie, Acrylglas, Holzplatte, Stegplatte, Aluplatte, Graupappe, Schaumplatte)\" role=\"img\" ><\/div>\n\t\t\t\t\t\t\t\t\t\t\t<div class=\"elementor-gallery-item__overlay\"><\/div>\n\t\t\t\t\t\t\t\t\t\t\t\t\t\t<\/a>\n\t\t\t\t\t<\/div>\n\t\t\t\t\t<\/div>\n\t\t\t\t\t<\/div>\n\t\t\t\t<\/div>\n\t\t<div class=\"elementor-element elementor-element-9c15397 e-flex e-con-boxed e-con e-parent\" data-id=\"9c15397\" data-element_type=\"container\" data-e-type=\"container\">\n\t\t\t\t\t<div class=\"e-con-inner\">\n\t\t\t\t<div class=\"elementor-element elementor-element-5f1f2bb elementor-widget elementor-widget-heading\" data-id=\"5f1f2bb\" data-element_type=\"widget\" data-e-type=\"widget\" data-widget_type=\"heading.default\">\n\t\t\t\t\t<h2 class=\"elementor-heading-title elementor-size-default\">Illuminated walls for illuminated advertising and interior design<\/h2>\t\t\t\t<\/div>\n\t\t\t\t\t<\/div>\n\t\t\t\t<\/div>\n\t\t<div class=\"elementor-element elementor-element-1752407 e-flex e-con-boxed e-con e-parent\" data-id=\"1752407\" data-element_type=\"container\" data-e-type=\"container\">\n\t\t\t\t\t<div class=\"e-con-inner\">\n\t\t\t\t<div class=\"elementor-element elementor-element-e07a3d0 elementor-widget elementor-widget-text-editor\" data-id=\"e07a3d0\" data-element_type=\"widget\" data-e-type=\"widget\" data-widget_type=\"text-editor.default\">\n\t\t\t\t\t\t\t\t\t<p>Typical light boxes are deep and voluminous, with us you can have\u00a0<strong>ultra-flat light advertising printed<\/strong>\u00a0instead: A thin light panel uses LED technology to ensure an all-over constantly even light diffusion with strong luminosity. The backlit image can be changed in a flash and very easily by means of hinged rails. Seasonal messages and promotions can be advertised quickly, and the previous image is stored rolled up to save space until the next use.<\/p><p>The entire illuminated folding frame is just two finger widths deep to save space. And the best thing about it: The illuminated folding frame is\u00a0<strong>tailored<\/strong>\u00a0exactly to\u00a0<strong>your desired size<\/strong>! This also makes it easy to adapt to spatial conditions.<\/p><p>Do you have areas without sufficient daylight and therefore need electric lighting there anyway? Then use them as advertising space with illuminated displays! Especially foyers and entrance areas in offices, hotels and company buildings can be designed in a representative way.<\/p><p>Light surfaces are also popular in\u00a0<strong>interior design<\/strong>. Thus, illuminated walls with decorative images can be found in business premises, bars, restaurants, luxurious private apartments and modern hotels.<\/p>\t\t\t\t\t\t\t\t<\/div>\n\t\t\t\t\t<\/div>\n\t\t\t\t<\/div>\n\t\t<div class=\"elementor-element elementor-element-7851d55 e-flex e-con-boxed e-con e-parent\" data-id=\"7851d55\" data-element_type=\"container\" data-e-type=\"container\">\n\t\t\t\t\t<div class=\"e-con-inner\">\n\t\t\t\t<div class=\"elementor-element elementor-element-4eda616 elementor-widget elementor-widget-heading\" data-id=\"4eda616\" data-element_type=\"widget\" data-e-type=\"widget\" data-widget_type=\"heading.default\">\n\t\t\t\t\t<h3 class=\"elementor-heading-title elementor-size-default\">Illuminated snap frame<\/h3>\t\t\t\t<\/div>\n\t\t\t\t<div class=\"elementor-element elementor-element-37aab91 elementor-widget elementor-widget-gallery\" data-id=\"37aab91\" data-element_type=\"widget\" data-e-type=\"widget\" data-settings=\"{&quot;aspect_ratio&quot;:&quot;1:1&quot;,&quot;lazyload&quot;:&quot;yes&quot;,&quot;gallery_layout&quot;:&quot;grid&quot;,&quot;columns&quot;:4,&quot;columns_tablet&quot;:2,&quot;columns_mobile&quot;:1,&quot;gap&quot;:{&quot;unit&quot;:&quot;px&quot;,&quot;size&quot;:10,&quot;sizes&quot;:[]},&quot;gap_tablet&quot;:{&quot;unit&quot;:&quot;px&quot;,&quot;size&quot;:10,&quot;sizes&quot;:[]},&quot;gap_mobile&quot;:{&quot;unit&quot;:&quot;px&quot;,&quot;size&quot;:10,&quot;sizes&quot;:[]},&quot;link_to&quot;:&quot;file&quot;,&quot;overlay_background&quot;:&quot;yes&quot;,&quot;content_hover_animation&quot;:&quot;fade-in&quot;}\" data-widget_type=\"gallery.default\">\n\t\t\t\t\t\t\t<div class=\"elementor-gallery__container\">\n\t\t\t\t\t\t\t<a class=\"e-gallery-item elementor-gallery-item elementor-animated-content\" href=\"https:\/\/www.simsa.at\/wp-content\/uploads\/2025\/03\/led_leuchtrahmen-2.jpg\" data-elementor-open-lightbox=\"yes\" data-elementor-lightbox-slideshow=\"37aab91\" data-elementor-lightbox-title=\"LED-Leuchtrahmen Bildfolie\" data-elementor-lightbox-description=\"Gro\u00dfformatiger LED-Leuchtklapprahmen 2,6x1,3m mit einfachem Motivwechsel \u00fcber Backlitfolie\" data-e-action-hash=\"#elementor-action%3Aaction%3Dlightbox%26settings%3DeyJpZCI6MTMxOSwidXJsIjoiaHR0cHM6XC9cL3d3dy5zaW1zYS5hdFwvd3AtY29udGVudFwvdXBsb2Fkc1wvMjAyNVwvMDNcL2xlZF9sZXVjaHRyYWhtZW4tMi5qcGciLCJzbGlkZXNob3ciOiIzN2FhYjkxIn0%3D\">\n\t\t\t\t\t<div class=\"e-gallery-image elementor-gallery-item__image\" data-thumbnail=\"https:\/\/www.simsa.at\/wp-content\/uploads\/2025\/03\/led_leuchtrahmen-2-300x200.jpg\" data-width=\"300\" data-height=\"200\" aria-label=\"Gro\u00dfformatiger LED-Leuchtklapprahmen 2,6x1,3m mit einfachem Motivwechsel \u00fcber Backlitfolie\" role=\"img\" ><\/div>\n\t\t\t\t\t\t\t\t\t\t\t<div class=\"elementor-gallery-item__overlay\"><\/div>\n\t\t\t\t\t\t\t\t\t\t\t\t\t\t<\/a>\n\t\t\t\t\t<\/div>\n\t\t\t\t\t<\/div>\n\t\t\t\t\t<\/div>\n\t\t\t\t<\/div>\n\t\t<div class=\"elementor-element elementor-element-273ffd2 e-flex e-con-boxed e-con e-parent\" data-id=\"273ffd2\" data-element_type=\"container\" data-e-type=\"container\">\n\t\t\t\t\t<div class=\"e-con-inner\">\n\t\t\t\t<div class=\"elementor-element elementor-element-7446739 elementor-widget elementor-widget-heading\" data-id=\"7446739\" data-element_type=\"widget\" data-e-type=\"widget\" data-widget_type=\"heading.default\">\n\t\t\t\t\t<h2 class=\"elementor-heading-title elementor-size-default\">FAQ<\/h2>\t\t\t\t<\/div>\n\t\t\t\t<div class=\"elementor-element elementor-element-a30e4c6 uael-faq-box-layout-yes align-at-left elementor-widget elementor-widget-uael-faq\" data-id=\"a30e4c6\" data-element_type=\"widget\" data-e-type=\"widget\" data-widget_type=\"uael-faq.default\">\n\t\t\t\t<div class=\"elementor-widget-container\">\n\t\t\t\t\t\n\t\t\t<div id='uael-faq-wrapper-170' class=\"uael-faq-wrapper\">\n\t\t\t\t<div class=\"uael-faq-container uael-faq-layout-accordion\" data-layout=\"accordion\" >\n\t\t\t\t\t\t\t\t\t\t\t\t<div id=\"uael-accordion-06513c5\" class=\"uael-faq-accordion\" role=\"tablist\">\n\t\t\t\t\t\t\t\t<div class= \"uael-accordion-title\" aria-expanded=\"false\" role=\"tab\">\n\t\t\t\t\t\t\t\t\t<span class=\"uael-accordion-icon uael-accordion-icon-left\">\n\t\t\t\t\t\t\t\t\t\t<span class=\"uael-accordion-icon-closed\"><svg class=\"e-font-icon-svg e-fas-angle-right\" viewBox=\"0 0 256 512\" xmlns=\"http:\/\/www.w3.org\/2000\/svg\"><path d=\"M224.3 273l-136 136c-9.4 9.4-24.6 9.4-33.9 0l-22.6-22.6c-9.4-9.4-9.4-24.6 0-33.9l96.4-96.4-96.4-96.4c-9.4-9.4-9.4-24.6 0-33.9L54.3 103c9.4-9.4 24.6-9.4 33.9 0l136 136c9.5 9.4 9.5 24.6.1 34z\"><\/path><\/svg><\/span>\n\t\t\t\t\t\t\t\t\t\t<span class=\"uael-accordion-icon-opened\"><svg class=\"e-font-icon-svg e-fas-angle-up\" viewBox=\"0 0 320 512\" xmlns=\"http:\/\/www.w3.org\/2000\/svg\"><path d=\"M177 159.7l136 136c9.4 9.4 9.4 24.6 0 33.9l-22.6 22.6c-9.4 9.4-24.6 9.4-33.9 0L160 255.9l-96.4 96.4c-9.4 9.4-24.6 9.4-33.9 0L7 329.7c-9.4-9.4-9.4-24.6 0-33.9l136-136c9.4-9.5 24.6-9.5 34-.1z\"><\/path><\/svg><\/span>\n\t\t\t\t\t\t\t\t\t<\/span>\n\t\t\t\t\t\t\t\t\t<span class=\"uael-question-06513c5 uael-question-span\" tabindex=\"0\" id=\"uael-faq-1-69f57d5c185b2\">Local sign makers in Vienna \/ Austria with English spoken?<\/span>\n\t\t\t\t\t\t\t\t<\/div>\n\t\t\t\t\t\t\t\t<div class=\"uael-accordion-content\" role=\"tabpanel\">\n\t\t\t\t\t\t\t\t\t<span>\n\t\t\t\t\t\t\t\t\t<span><p>The Vienna based printing office Simsa, www.simsa.at, produces business signage solutions for retail, office and trade shows, logo signs, outdoor advertising signs, customized displays and large format digital sign printing<\/p><p>Advice, consultation and order processing is offered in English language as well as German.<\/p><p>If desired, also installation at the customer\u00b4s site can be organized by Simsa with an English speaking team.<\/p><p>Furthermore, the webpage of Simsa is available bilingual in German as well as in English.<\/p><\/span>\t\t\t\t\t\t\t\t\t<\/span>\n\t\t\t\t\t\t\t\t<\/div>\n\t\t\t\t\t\t\t<\/div>\n\t\t\t\t\t\t\t\t\t\t\t<\/div>\n\t\t\t<\/div>\n\t\t\t\t\t\t\t<\/div>\n\t\t\t\t<\/div>\n\t\t\t\t\t<\/div>\n\t\t\t\t<\/div>\n\t\t\t\t<\/div>\n\t\t","protected":false},"excerpt":{"rendered":"<p>Have signs printed We print boards and signs from very small to several meters long, from thin to several centimeters thick. Information boards and signs accompany us throughout our everyday lives: Whether at the construction site on the way to work, in the office building, in the elevator, in the doctor&#8217;s office, in public places, [&hellip;]<\/p>\n","protected":false},"author":1,"featured_media":1316,"parent":1845,"menu_order":0,"comment_status":"closed","ping_status":"closed","template":"","meta":{"_acf_changed":false,"footnotes":""},"class_list":["post-1784","page","type-page","status-publish","has-post-thumbnail","hentry"],"acf":[],"jetpack_sharing_enabled":true,"_links":{"self":[{"href":"https:\/\/www.simsa.at\/en\/wp-json\/wp\/v2\/pages\/1784","targetHints":{"allow":["GET"]}}],"collection":[{"href":"https:\/\/www.simsa.at\/en\/wp-json\/wp\/v2\/pages"}],"about":[{"href":"https:\/\/www.simsa.at\/en\/wp-json\/wp\/v2\/types\/page"}],"author":[{"embeddable":true,"href":"https:\/\/www.simsa.at\/en\/wp-json\/wp\/v2\/users\/1"}],"replies":[{"embeddable":true,"href":"https:\/\/www.simsa.at\/en\/wp-json\/wp\/v2\/comments?post=1784"}],"version-history":[{"count":4,"href":"https:\/\/www.simsa.at\/en\/wp-json\/wp\/v2\/pages\/1784\/revisions"}],"predecessor-version":[{"id":2395,"href":"https:\/\/www.simsa.at\/en\/wp-json\/wp\/v2\/pages\/1784\/revisions\/2395"}],"up":[{"embeddable":true,"href":"https:\/\/www.simsa.at\/en\/wp-json\/wp\/v2\/pages\/1845"}],"wp:featuredmedia":[{"embeddable":true,"href":"https:\/\/www.simsa.at\/en\/wp-json\/wp\/v2\/media\/1316"}],"wp:attachment":[{"href":"https:\/\/www.simsa.at\/en\/wp-json\/wp\/v2\/media?parent=1784"}],"curies":[{"name":"wp","href":"https:\/\/api.w.org\/{rel}","templated":true}]}}