{"id":1795,"date":"2025-03-15T20:25:54","date_gmt":"2025-03-15T20:25:54","guid":{"rendered":"https:\/\/www.simsa.at\/materials\/glass\/"},"modified":"2025-04-21T19:35:21","modified_gmt":"2025-04-21T19:35:21","slug":"glass","status":"publish","type":"page","link":"https:\/\/www.simsa.at\/en\/materials\/glass\/","title":{"rendered":"Glass"},"content":{"rendered":"\t\t<div data-elementor-type=\"wp-page\" data-elementor-id=\"1795\" class=\"elementor elementor-1795 elementor-657\" data-elementor-post-type=\"page\">\n\t\t\t\t<div class=\"elementor-element elementor-element-1870d16 e-flex e-con-boxed e-con e-parent\" data-id=\"1870d16\" data-element_type=\"container\" data-e-type=\"container\">\n\t\t\t\t\t<div class=\"e-con-inner\">\n\t\t\t\t<div class=\"elementor-element elementor-element-0db3773 elementor-widget elementor-widget-heading\" data-id=\"0db3773\" data-element_type=\"widget\" data-e-type=\"widget\" data-widget_type=\"heading.default\">\n\t\t\t\t\t<h1 class=\"elementor-heading-title elementor-size-default\">Glass<\/h1>\t\t\t\t<\/div>\n\t\t\t\t<div class=\"elementor-element elementor-element-71069fa elementor-widget elementor-widget-text-editor\" data-id=\"71069fa\" data-element_type=\"widget\" data-e-type=\"widget\" data-widget_type=\"text-editor.default\">\n\t\t\t\t\t\t\t\t\t<p>Not all glass is the same:<\/p><h3>Printing on real glass<\/h3><p>Real glass is mainly used in construction, for example in shop windows or large-area room dividers. You can also have\u00a0<strong>real glass printed directly<\/strong>\u00a0by us.<\/p><p>In<strong>\u00a0most<\/strong>\u00a0cases, however, it makes\u00a0<strong>more sense for us to apply printed and cut self adhesive films to the<\/strong>\u00a0glass. These can be resistant for a long period of time. Nevertheless, they can be easily changed if necessary. Texts, logos, elements in frosted glass look or even pictures and photos can be realized here, without the need of directly printing inks on the glass. Learn more here\u00a0<a href=\"https:\/\/www.simsa.at\/en\/uses\/glass-decor\">Glass decor<\/a><\/p><h3>Printing on synthetic glass<\/h3><p>Synthetic glass, on the other hand, is usually printed directly onto its surface. In most cases it is more\u00a0<strong>light weighted and cheaper than real glass<\/strong>. Synthetic glass is also easier to process, such as milling into contours, drilling or thermal bending.<\/p><h3>Acrylic glass, the most popular synthetic glass in printing<\/h3><p><strong>Acrylic<\/strong>\u00a0glass,\u00a0<strong>also<\/strong>\u00a0known as\u00a0<strong>Plexiglas<\/strong>\u00a0or PMMA, is highly transparent and very suitable for\u00a0<strong>printing door signs<\/strong>\u00a0or backlit illuminated advertising. Also interior design has discovered printed Plexiglas for itself, for example for printed tabletops or high-quality\u00a0<strong>art prints as wall decor<\/strong>. In addition to crystal-clear transparent acrylic glass, it is also available in a whitish frosted glass look or in bright colors.<\/p><h3>Other crystal clear plastics for printing<\/h3><p><strong>Polycarbonate<\/strong>\u00a0is very\u00a0<strong>impact resistant<\/strong>\u00a0and is therefore often printed for theft-proof showcases or safety enclosures for machines.<\/p><p>There are also other plastics with a crystal-clear or frosted glass look, such as\u00a0<strong>PET or polypropylene PP.<\/strong><\/p><p>Many plastic glasses are\u00a0<strong>also<\/strong>\u00a0available\u00a0<strong>with an anti-reflective surface<\/strong>.<\/p>\t\t\t\t\t\t\t\t<\/div>\n\t\t\t\t<div class=\"elementor-element elementor-element-0d8c790 elementor-widget elementor-widget-gallery\" data-id=\"0d8c790\" data-element_type=\"widget\" data-e-type=\"widget\" data-settings=\"{&quot;columns&quot;:5,&quot;aspect_ratio&quot;:&quot;1:1&quot;,&quot;lazyload&quot;:&quot;yes&quot;,&quot;gallery_layout&quot;:&quot;grid&quot;,&quot;columns_tablet&quot;:2,&quot;columns_mobile&quot;:1,&quot;gap&quot;:{&quot;unit&quot;:&quot;px&quot;,&quot;size&quot;:10,&quot;sizes&quot;:[]},&quot;gap_tablet&quot;:{&quot;unit&quot;:&quot;px&quot;,&quot;size&quot;:10,&quot;sizes&quot;:[]},&quot;gap_mobile&quot;:{&quot;unit&quot;:&quot;px&quot;,&quot;size&quot;:10,&quot;sizes&quot;:[]},&quot;link_to&quot;:&quot;file&quot;,&quot;overlay_background&quot;:&quot;yes&quot;,&quot;content_hover_animation&quot;:&quot;fade-in&quot;}\" data-widget_type=\"gallery.default\">\n\t\t\t\t\t\t\t<div class=\"elementor-gallery__container\">\n\t\t\t\t\t\t\t<a class=\"e-gallery-item elementor-gallery-item elementor-animated-content\" href=\"https:\/\/www.simsa.at\/wp-content\/uploads\/2025\/03\/echtglas_bedruckt-1.jpg\" data-elementor-open-lightbox=\"yes\" data-elementor-lightbox-slideshow=\"0d8c790\" data-elementor-lightbox-title=\"Echtglas Bedruckt\" data-elementor-lightbox-description=\"Hinterglasdruck (R\u00fcckseitig spiegelverkehrt) auf Echtglasplatte\" data-e-action-hash=\"#elementor-action%3Aaction%3Dlightbox%26settings%3DeyJpZCI6MTU1MywidXJsIjoiaHR0cHM6XC9cL3d3dy5zaW1zYS5hdFwvd3AtY29udGVudFwvdXBsb2Fkc1wvMjAyNVwvMDNcL2VjaHRnbGFzX2JlZHJ1Y2t0LTEuanBnIiwic2xpZGVzaG93IjoiMGQ4Yzc5MCJ9\">\n\t\t\t\t\t<div class=\"e-gallery-image elementor-gallery-item__image\" data-thumbnail=\"https:\/\/www.simsa.at\/wp-content\/uploads\/2025\/03\/echtglas_bedruckt-1-768x513.jpg\" data-width=\"768\" data-height=\"513\" aria-label=\"\" role=\"img\" ><\/div>\n\t\t\t\t\t\t\t\t\t\t\t<div class=\"elementor-gallery-item__overlay\"><\/div>\n\t\t\t\t\t\t\t\t\t\t\t\t\t\t<\/a>\n\t\t\t\t\t\t\t<a class=\"e-gallery-item elementor-gallery-item elementor-animated-content\" href=\"https:\/\/www.simsa.at\/wp-content\/uploads\/2025\/03\/glasdekorfolie02-3.jpg\" data-elementor-open-lightbox=\"yes\" data-elementor-lightbox-slideshow=\"0d8c790\" data-elementor-lightbox-title=\"Glasdekorfolie02\" data-elementor-lightbox-description=\"Glasdekor mit Text aus konturgeschnittener Selbstklebefolie in Milchglasoptik \/ Frostoptik\" data-e-action-hash=\"#elementor-action%3Aaction%3Dlightbox%26settings%3DeyJpZCI6MTU1NCwidXJsIjoiaHR0cHM6XC9cL3d3dy5zaW1zYS5hdFwvd3AtY29udGVudFwvdXBsb2Fkc1wvMjAyNVwvMDNcL2dsYXNkZWtvcmZvbGllMDItMy5qcGciLCJzbGlkZXNob3ciOiIwZDhjNzkwIn0%3D\">\n\t\t\t\t\t<div class=\"e-gallery-image elementor-gallery-item__image\" data-thumbnail=\"https:\/\/www.simsa.at\/wp-content\/uploads\/2025\/03\/glasdekorfolie02-3-768x512.jpg\" data-width=\"768\" data-height=\"512\" aria-label=\"\" role=\"img\" ><\/div>\n\t\t\t\t\t\t\t\t\t\t\t<div class=\"elementor-gallery-item__overlay\"><\/div>\n\t\t\t\t\t\t\t\t\t\t\t\t\t\t<\/a>\n\t\t\t\t\t\t\t<a class=\"e-gallery-item elementor-gallery-item elementor-animated-content\" href=\"https:\/\/www.simsa.at\/wp-content\/uploads\/2025\/03\/schilder-1.jpg\" data-elementor-open-lightbox=\"yes\" data-elementor-lightbox-slideshow=\"0d8c790\" data-elementor-lightbox-title=\"Schilder\" data-elementor-lightbox-description=\"B\u00fcrogeb\u00e4ude Foyer Leitsystem aus bedruckten Acrylglas-Schildern, mit Distanzhaltern schwebend auf Holzplatte montiert\" data-e-action-hash=\"#elementor-action%3Aaction%3Dlightbox%26settings%3DeyJpZCI6MTU1NSwidXJsIjoiaHR0cHM6XC9cL3d3dy5zaW1zYS5hdFwvd3AtY29udGVudFwvdXBsb2Fkc1wvMjAyNVwvMDNcL3NjaGlsZGVyLTEuanBnIiwic2xpZGVzaG93IjoiMGQ4Yzc5MCJ9\">\n\t\t\t\t\t<div class=\"e-gallery-image elementor-gallery-item__image\" data-thumbnail=\"https:\/\/www.simsa.at\/wp-content\/uploads\/2025\/03\/schilder-1-768x512.jpg\" data-width=\"768\" data-height=\"512\" aria-label=\"\" role=\"img\" ><\/div>\n\t\t\t\t\t\t\t\t\t\t\t<div class=\"elementor-gallery-item__overlay\"><\/div>\n\t\t\t\t\t\t\t\t\t\t\t\t\t\t<\/a>\n\t\t\t\t\t\t\t<a class=\"e-gallery-item elementor-gallery-item elementor-animated-content\" href=\"https:\/\/www.simsa.at\/wp-content\/uploads\/2025\/03\/tuerschild_acrylglas-3.jpg\" data-elementor-open-lightbox=\"yes\" data-elementor-lightbox-slideshow=\"0d8c790\" data-elementor-lightbox-title=\"Tuerschild Acrylglas\" data-elementor-lightbox-description=\"T\u00fcrschild aus Acrylglas, r\u00fcckseitig bedruckt mit wei\u00dfer Hinterlegung (Hinterglas)\" data-e-action-hash=\"#elementor-action%3Aaction%3Dlightbox%26settings%3DeyJpZCI6MTU1NiwidXJsIjoiaHR0cHM6XC9cL3d3dy5zaW1zYS5hdFwvd3AtY29udGVudFwvdXBsb2Fkc1wvMjAyNVwvMDNcL3R1ZXJzY2hpbGRfYWNyeWxnbGFzLTMuanBnIiwic2xpZGVzaG93IjoiMGQ4Yzc5MCJ9\">\n\t\t\t\t\t<div class=\"e-gallery-image elementor-gallery-item__image\" data-thumbnail=\"https:\/\/www.simsa.at\/wp-content\/uploads\/2025\/03\/tuerschild_acrylglas-3-768x513.jpg\" data-width=\"768\" data-height=\"513\" aria-label=\"T\u00fcrschild aus Acrylglas, r\u00fcckseitig bedruckt mit wei\u00dfer Hinterlegung (Hinterglas), f\u00fcr eine Arztordination\" role=\"img\" ><\/div>\n\t\t\t\t\t\t\t\t\t\t\t<div class=\"elementor-gallery-item__overlay\"><\/div>\n\t\t\t\t\t\t\t\t\t\t\t\t\t\t<\/a>\n\t\t\t\t\t\t\t<a class=\"e-gallery-item elementor-gallery-item elementor-animated-content\" href=\"https:\/\/www.simsa.at\/wp-content\/uploads\/2025\/03\/led_leuchtrahmen-3.jpg\" data-elementor-open-lightbox=\"yes\" data-elementor-lightbox-slideshow=\"0d8c790\" data-elementor-lightbox-title=\"Led Leuchtrahmen\" data-elementor-lightbox-description=\"LED-Leuchtklapprahmen ultraflach, wechselbare Bildfolie im Digitaldruck bedruckt\" data-e-action-hash=\"#elementor-action%3Aaction%3Dlightbox%26settings%3DeyJpZCI6MTU1NywidXJsIjoiaHR0cHM6XC9cL3d3dy5zaW1zYS5hdFwvd3AtY29udGVudFwvdXBsb2Fkc1wvMjAyNVwvMDNcL2xlZF9sZXVjaHRyYWhtZW4tMy5qcGciLCJzbGlkZXNob3ciOiIwZDhjNzkwIn0%3D\">\n\t\t\t\t\t<div class=\"e-gallery-image elementor-gallery-item__image\" data-thumbnail=\"https:\/\/www.simsa.at\/wp-content\/uploads\/2025\/03\/led_leuchtrahmen-3-768x512.jpg\" data-width=\"768\" data-height=\"512\" aria-label=\"Gro\u00dfformatiger LED-Leuchtklapprahmen 2,6x1,3m mit einfachem Motivwechsel \u00fcber Backlitfolie\" role=\"img\" ><\/div>\n\t\t\t\t\t\t\t\t\t\t\t<div class=\"elementor-gallery-item__overlay\"><\/div>\n\t\t\t\t\t\t\t\t\t\t\t\t\t\t<\/a>\n\t\t\t\t\t<\/div>\n\t\t\t\t\t<\/div>\n\t\t\t\t\t<\/div>\n\t\t\t\t<\/div>\n\t\t\t\t<\/div>\n\t\t","protected":false},"excerpt":{"rendered":"<p>Glass Not all glass is the same: Printing on real glass Real glass is mainly used in construction, for example in shop windows or large-area room dividers. You can also have\u00a0real glass printed directly\u00a0by us. In\u00a0most\u00a0cases, however, it makes\u00a0more sense for us to apply printed and cut self adhesive films to the\u00a0glass. These can be [&hellip;]<\/p>\n","protected":false},"author":1,"featured_media":1272,"parent":1792,"menu_order":0,"comment_status":"closed","ping_status":"closed","template":"","meta":{"_acf_changed":false,"footnotes":""},"class_list":["post-1795","page","type-page","status-publish","has-post-thumbnail","hentry"],"acf":[],"jetpack_sharing_enabled":true,"_links":{"self":[{"href":"https:\/\/www.simsa.at\/en\/wp-json\/wp\/v2\/pages\/1795","targetHints":{"allow":["GET"]}}],"collection":[{"href":"https:\/\/www.simsa.at\/en\/wp-json\/wp\/v2\/pages"}],"about":[{"href":"https:\/\/www.simsa.at\/en\/wp-json\/wp\/v2\/types\/page"}],"author":[{"embeddable":true,"href":"https:\/\/www.simsa.at\/en\/wp-json\/wp\/v2\/users\/1"}],"replies":[{"embeddable":true,"href":"https:\/\/www.simsa.at\/en\/wp-json\/wp\/v2\/comments?post=1795"}],"version-history":[{"count":4,"href":"https:\/\/www.simsa.at\/en\/wp-json\/wp\/v2\/pages\/1795\/revisions"}],"predecessor-version":[{"id":2456,"href":"https:\/\/www.simsa.at\/en\/wp-json\/wp\/v2\/pages\/1795\/revisions\/2456"}],"up":[{"embeddable":true,"href":"https:\/\/www.simsa.at\/en\/wp-json\/wp\/v2\/pages\/1792"}],"wp:featuredmedia":[{"embeddable":true,"href":"https:\/\/www.simsa.at\/en\/wp-json\/wp\/v2\/media\/1272"}],"wp:attachment":[{"href":"https:\/\/www.simsa.at\/en\/wp-json\/wp\/v2\/media?parent=1795"}],"curies":[{"name":"wp","href":"https:\/\/api.w.org\/{rel}","templated":true}]}}