{"id":1816,"date":"2025-03-15T20:49:54","date_gmt":"2025-03-15T20:49:54","guid":{"rendered":"https:\/\/www.simsa.at\/materials\/leather\/"},"modified":"2025-04-21T19:36:55","modified_gmt":"2025-04-21T19:36:55","slug":"leather","status":"publish","type":"page","link":"https:\/\/www.simsa.at\/en\/materials\/leather\/","title":{"rendered":"Leather"},"content":{"rendered":"\t\t<div data-elementor-type=\"wp-page\" data-elementor-id=\"1816\" class=\"elementor elementor-1816 elementor-711\" data-elementor-post-type=\"page\">\n\t\t\t\t<div class=\"elementor-element elementor-element-d82ed4a e-flex e-con-boxed e-con e-parent\" data-id=\"d82ed4a\" data-element_type=\"container\" data-e-type=\"container\">\n\t\t\t\t\t<div class=\"e-con-inner\">\n\t\t\t\t<div class=\"elementor-element elementor-element-5e52fbb elementor-widget elementor-widget-heading\" data-id=\"5e52fbb\" data-element_type=\"widget\" data-e-type=\"widget\" data-widget_type=\"heading.default\">\n\t\t\t\t\t<h1 class=\"elementor-heading-title elementor-size-default\">Leather<\/h1>\t\t\t\t<\/div>\n\t\t\t\t<div class=\"elementor-element elementor-element-da007ad elementor-widget elementor-widget-text-editor\" data-id=\"da007ad\" data-element_type=\"widget\" data-e-type=\"widget\" data-widget_type=\"text-editor.default\">\n\t\t\t\t\t\t\t\t\t<h3>Printing on synthetic leather and leather\u00a0imitation<\/h3><p>A slight modification of a common Austrian figure of speech is &#8220;What we have already printed on, is too much to write it on one cow\u00b4s skin&#8221; and even these we have already printed onto!<\/p><p>Real leather is hardly ever used anymore due to cost reasons, the strongly varying thickness and due to increasing consideration of animal welfare. Artificial leather made from processed punching waste from the leather industry is a possible alternative.<\/p><p>Absolutely impressive and deceptively genuine, however, is the\u00a0<strong>large selection of printable and embossable imitation<\/strong>\u00a0leather. Here you can also print on crocodile or lizard leather look without a bad conscience. Such imitation leather would even pass as\u00a0<strong>vegan<\/strong>.<\/p><h3>Colorful printing despite leather recesses<\/h3><p>A grippy leather grain is an appealing aspect to design. In the past, ink often could not reach the indentations, i.e. the lowest levels of the surface. With our\u00a0<strong>modern inkjet printing<\/strong><strong>,<\/strong>\u00a0we can reach the\u00a0<strong>depths of the leather<\/strong>\u00a0grain and achieve a uniform print image.<\/p><h3>Printing gold and silver on leather<\/h3><p>A\u00a0<strong>real metallic hot foil embossing, for example in\u00a0<a href=\"https:\/\/www.simsa.at\/en\/special-effects\/real-metallic-effects\">gold or silver<\/a><\/strong>, also looks particularly noble on\u00a0<strong>imitation leather<\/strong>. Real metallic\u00a0<strong>color shades<\/strong>\u00a0are also\u00a0<strong>possible, such as red metallic, blue metallic, green metallic and many more.<\/strong><\/p><h3>Printing with leather look<\/h3><p>Leather look can be used in a variety of ways: Business cards, certificate folders, menu cards, noble packaging, even stickers made of leather we have already produced.<\/p><p>Also printed, conventional paper can be given a touch of leather look, if we cover it with a transparent, glossy laminating foil with a leather structure embossing. This technique is called\u00a0<a href=\"https:\/\/www.simsa.at\/en\/printing-method\/film-lamination\">foil lamination<\/a>. The view of the printed image stays retained in the best possible way.<\/p>\t\t\t\t\t\t\t\t<\/div>\n\t\t\t\t<div class=\"elementor-element elementor-element-596045d elementor-widget elementor-widget-gallery\" data-id=\"596045d\" data-element_type=\"widget\" data-e-type=\"widget\" data-settings=\"{&quot;columns&quot;:3,&quot;aspect_ratio&quot;:&quot;1:1&quot;,&quot;lazyload&quot;:&quot;yes&quot;,&quot;gallery_layout&quot;:&quot;grid&quot;,&quot;columns_tablet&quot;:2,&quot;columns_mobile&quot;:1,&quot;gap&quot;:{&quot;unit&quot;:&quot;px&quot;,&quot;size&quot;:10,&quot;sizes&quot;:[]},&quot;gap_tablet&quot;:{&quot;unit&quot;:&quot;px&quot;,&quot;size&quot;:10,&quot;sizes&quot;:[]},&quot;gap_mobile&quot;:{&quot;unit&quot;:&quot;px&quot;,&quot;size&quot;:10,&quot;sizes&quot;:[]},&quot;link_to&quot;:&quot;file&quot;,&quot;overlay_background&quot;:&quot;yes&quot;,&quot;content_hover_animation&quot;:&quot;fade-in&quot;}\" data-widget_type=\"gallery.default\">\n\t\t\t\t\t\t\t<div class=\"elementor-gallery__container\">\n\t\t\t\t\t\t\t<a class=\"e-gallery-item elementor-gallery-item elementor-animated-content\" href=\"https:\/\/www.simsa.at\/wp-content\/uploads\/2025\/03\/folienpraegung_auf_leder.jpg\" data-elementor-open-lightbox=\"yes\" data-elementor-lightbox-slideshow=\"596045d\" data-elementor-lightbox-title=\"Folienpraegung Auf Leder\" data-elementor-lightbox-description=\"Hei\u00dffolienpr\u00e4gung Gold metallisch auf Ledermaterial f\u00fcr Bucheinb\u00e4nde\" data-e-action-hash=\"#elementor-action%3Aaction%3Dlightbox%26settings%3DeyJpZCI6MTU3NiwidXJsIjoiaHR0cHM6XC9cL3d3dy5zaW1zYS5hdFwvd3AtY29udGVudFwvdXBsb2Fkc1wvMjAyNVwvMDNcL2ZvbGllbnByYWVndW5nX2F1Zl9sZWRlci5qcGciLCJzbGlkZXNob3ciOiI1OTYwNDVkIn0%3D\">\n\t\t\t\t\t<div class=\"e-gallery-image elementor-gallery-item__image\" data-thumbnail=\"https:\/\/www.simsa.at\/wp-content\/uploads\/2025\/03\/folienpraegung_auf_leder-768x512.jpg\" data-width=\"768\" data-height=\"512\" aria-label=\"\" role=\"img\" ><\/div>\n\t\t\t\t\t\t\t\t\t\t\t<div class=\"elementor-gallery-item__overlay\"><\/div>\n\t\t\t\t\t\t\t\t\t\t\t\t\t\t<\/a>\n\t\t\t\t\t\t\t<a class=\"e-gallery-item elementor-gallery-item elementor-animated-content\" href=\"https:\/\/www.simsa.at\/wp-content\/uploads\/2025\/03\/druck_auf_kunstleder.jpg\" data-elementor-open-lightbox=\"yes\" data-elementor-lightbox-slideshow=\"596045d\" data-elementor-lightbox-title=\"Druck Auf Kunstleder\" data-elementor-lightbox-description=\"Druck auf Kunstleder\" data-e-action-hash=\"#elementor-action%3Aaction%3Dlightbox%26settings%3DeyJpZCI6MTU3NywidXJsIjoiaHR0cHM6XC9cL3d3dy5zaW1zYS5hdFwvd3AtY29udGVudFwvdXBsb2Fkc1wvMjAyNVwvMDNcL2RydWNrX2F1Zl9rdW5zdGxlZGVyLmpwZyIsInNsaWRlc2hvdyI6IjU5NjA0NWQifQ%3D%3D\">\n\t\t\t\t\t<div class=\"e-gallery-image elementor-gallery-item__image\" data-thumbnail=\"https:\/\/www.simsa.at\/wp-content\/uploads\/2025\/03\/druck_auf_kunstleder-768x513.jpg\" data-width=\"768\" data-height=\"513\" aria-label=\"Foto-Druck CMYK auf Kunstleder\" role=\"img\" ><\/div>\n\t\t\t\t\t\t\t\t\t\t\t<div class=\"elementor-gallery-item__overlay\"><\/div>\n\t\t\t\t\t\t\t\t\t\t\t\t\t\t<\/a>\n\t\t\t\t\t\t\t<a class=\"e-gallery-item elementor-gallery-item elementor-animated-content\" href=\"https:\/\/www.simsa.at\/wp-content\/uploads\/2025\/03\/heissfolie_silber_auf_velourleder-2-scaled.jpg\" data-elementor-open-lightbox=\"yes\" data-elementor-lightbox-slideshow=\"596045d\" data-elementor-lightbox-title=\"Heissfolie Silber Auf Velourleder\" data-elementor-lightbox-description=\"Hei\u00dffolienpr\u00e4gung Silber metallisch auf Velourleder (Flock, Samt, f\u00fcr Buch\u00fcberz\u00fcge \/ Bucheinb\u00e4nde)\" data-e-action-hash=\"#elementor-action%3Aaction%3Dlightbox%26settings%3DeyJpZCI6MTU3OCwidXJsIjoiaHR0cHM6XC9cL3d3dy5zaW1zYS5hdFwvd3AtY29udGVudFwvdXBsb2Fkc1wvMjAyNVwvMDNcL2hlaXNzZm9saWVfc2lsYmVyX2F1Zl92ZWxvdXJsZWRlci0yLXNjYWxlZC5qcGciLCJzbGlkZXNob3ciOiI1OTYwNDVkIn0%3D\">\n\t\t\t\t\t<div class=\"e-gallery-image elementor-gallery-item__image\" data-thumbnail=\"https:\/\/www.simsa.at\/wp-content\/uploads\/2025\/03\/heissfolie_silber_auf_velourleder-2-768x512.jpg\" data-width=\"768\" data-height=\"512\" aria-label=\"\" role=\"img\" ><\/div>\n\t\t\t\t\t\t\t\t\t\t\t<div class=\"elementor-gallery-item__overlay\"><\/div>\n\t\t\t\t\t\t\t\t\t\t\t\t\t\t<\/a>\n\t\t\t\t\t\t\t<a class=\"e-gallery-item elementor-gallery-item elementor-animated-content\" href=\"https:\/\/www.simsa.at\/wp-content\/uploads\/2025\/03\/glanzlack_auf_lederimitat-3-scaled.jpg\" data-elementor-open-lightbox=\"yes\" data-elementor-lightbox-slideshow=\"596045d\" data-elementor-lightbox-title=\"Glanzlack Auf Lederimitat\" data-elementor-lightbox-description=\"UV-Lack Hochglanz in Siebdruckqualit\u00e4t auf Lederimitat f\u00fcr Buch\u00fcberzug\" data-e-action-hash=\"#elementor-action%3Aaction%3Dlightbox%26settings%3DeyJpZCI6MTU3OSwidXJsIjoiaHR0cHM6XC9cL3d3dy5zaW1zYS5hdFwvd3AtY29udGVudFwvdXBsb2Fkc1wvMjAyNVwvMDNcL2dsYW56bGFja19hdWZfbGVkZXJpbWl0YXQtMy1zY2FsZWQuanBnIiwic2xpZGVzaG93IjoiNTk2MDQ1ZCJ9\">\n\t\t\t\t\t<div class=\"e-gallery-image elementor-gallery-item__image\" data-thumbnail=\"https:\/\/www.simsa.at\/wp-content\/uploads\/2025\/03\/glanzlack_auf_lederimitat-3-768x512.jpg\" data-width=\"768\" data-height=\"512\" aria-label=\"\" role=\"img\" ><\/div>\n\t\t\t\t\t\t\t\t\t\t\t<div class=\"elementor-gallery-item__overlay\"><\/div>\n\t\t\t\t\t\t\t\t\t\t\t\t\t\t<\/a>\n\t\t\t\t\t\t\t<a class=\"e-gallery-item elementor-gallery-item elementor-animated-content\" href=\"https:\/\/www.simsa.at\/wp-content\/uploads\/2025\/03\/ledereinband.jpg\" data-elementor-open-lightbox=\"yes\" data-elementor-lightbox-slideshow=\"596045d\" data-elementor-lightbox-title=\"Ledereinband\" data-elementor-lightbox-description=\"Druck auf grob genarbten Ledereinband\" data-e-action-hash=\"#elementor-action%3Aaction%3Dlightbox%26settings%3DeyJpZCI6MTU4MCwidXJsIjoiaHR0cHM6XC9cL3d3dy5zaW1zYS5hdFwvd3AtY29udGVudFwvdXBsb2Fkc1wvMjAyNVwvMDNcL2xlZGVyZWluYmFuZC5qcGciLCJzbGlkZXNob3ciOiI1OTYwNDVkIn0%3D\">\n\t\t\t\t\t<div class=\"e-gallery-image elementor-gallery-item__image\" data-thumbnail=\"https:\/\/www.simsa.at\/wp-content\/uploads\/2025\/03\/ledereinband-768x513.jpg\" data-width=\"768\" data-height=\"513\" aria-label=\"\" role=\"img\" ><\/div>\n\t\t\t\t\t\t\t\t\t\t\t<div class=\"elementor-gallery-item__overlay\"><\/div>\n\t\t\t\t\t\t\t\t\t\t\t\t\t\t<\/a>\n\t\t\t\t\t\t\t<a class=\"e-gallery-item elementor-gallery-item elementor-animated-content\" href=\"https:\/\/www.simsa.at\/wp-content\/uploads\/2025\/03\/ledereinband_detail.jpg\" data-elementor-open-lightbox=\"yes\" data-elementor-lightbox-slideshow=\"596045d\" data-elementor-lightbox-title=\"Ledereinband Detail\" data-elementor-lightbox-description=\"Druck auf grob genarbten Ledereinband in Detailansicht\" data-e-action-hash=\"#elementor-action%3Aaction%3Dlightbox%26settings%3DeyJpZCI6MTU4MSwidXJsIjoiaHR0cHM6XC9cL3d3dy5zaW1zYS5hdFwvd3AtY29udGVudFwvdXBsb2Fkc1wvMjAyNVwvMDNcL2xlZGVyZWluYmFuZF9kZXRhaWwuanBnIiwic2xpZGVzaG93IjoiNTk2MDQ1ZCJ9\">\n\t\t\t\t\t<div class=\"e-gallery-image elementor-gallery-item__image\" data-thumbnail=\"https:\/\/www.simsa.at\/wp-content\/uploads\/2025\/03\/ledereinband_detail-768x513.jpg\" data-width=\"768\" data-height=\"513\" aria-label=\"\" role=\"img\" ><\/div>\n\t\t\t\t\t\t\t\t\t\t\t<div class=\"elementor-gallery-item__overlay\"><\/div>\n\t\t\t\t\t\t\t\t\t\t\t\t\t\t<\/a>\n\t\t\t\t\t<\/div>\n\t\t\t\t\t<\/div>\n\t\t\t\t\t<\/div>\n\t\t\t\t<\/div>\n\t\t\t\t<\/div>\n\t\t","protected":false},"excerpt":{"rendered":"<p>Leather Printing on synthetic leather and leather\u00a0imitation A slight modification of a common Austrian figure of speech is &#8220;What we have already printed on, is too much to write it on one cow\u00b4s skin&#8221; and even these we have already printed onto! Real leather is hardly ever used anymore due to cost reasons, the strongly [&hellip;]<\/p>\n","protected":false},"author":1,"featured_media":1579,"parent":1792,"menu_order":0,"comment_status":"closed","ping_status":"closed","template":"","meta":{"_acf_changed":false,"footnotes":""},"class_list":["post-1816","page","type-page","status-publish","has-post-thumbnail","hentry"],"acf":[],"jetpack_sharing_enabled":true,"_links":{"self":[{"href":"https:\/\/www.simsa.at\/en\/wp-json\/wp\/v2\/pages\/1816","targetHints":{"allow":["GET"]}}],"collection":[{"href":"https:\/\/www.simsa.at\/en\/wp-json\/wp\/v2\/pages"}],"about":[{"href":"https:\/\/www.simsa.at\/en\/wp-json\/wp\/v2\/types\/page"}],"author":[{"embeddable":true,"href":"https:\/\/www.simsa.at\/en\/wp-json\/wp\/v2\/users\/1"}],"replies":[{"embeddable":true,"href":"https:\/\/www.simsa.at\/en\/wp-json\/wp\/v2\/comments?post=1816"}],"version-history":[{"count":4,"href":"https:\/\/www.simsa.at\/en\/wp-json\/wp\/v2\/pages\/1816\/revisions"}],"predecessor-version":[{"id":2462,"href":"https:\/\/www.simsa.at\/en\/wp-json\/wp\/v2\/pages\/1816\/revisions\/2462"}],"up":[{"embeddable":true,"href":"https:\/\/www.simsa.at\/en\/wp-json\/wp\/v2\/pages\/1792"}],"wp:featuredmedia":[{"embeddable":true,"href":"https:\/\/www.simsa.at\/en\/wp-json\/wp\/v2\/media\/1579"}],"wp:attachment":[{"href":"https:\/\/www.simsa.at\/en\/wp-json\/wp\/v2\/media?parent=1816"}],"curies":[{"name":"wp","href":"https:\/\/api.w.org\/{rel}","templated":true}]}}