{"id":1823,"date":"2025-03-15T21:29:26","date_gmt":"2025-03-15T21:29:26","guid":{"rendered":"https:\/\/www.simsa.at\/materials\/cloth-fabric\/"},"modified":"2025-04-21T19:37:40","modified_gmt":"2025-04-21T19:37:40","slug":"cloth-fabric","status":"publish","type":"page","link":"https:\/\/www.simsa.at\/en\/materials\/cloth-fabric\/","title":{"rendered":"Cloth fabric"},"content":{"rendered":"\t\t<div data-elementor-type=\"wp-page\" data-elementor-id=\"1823\" class=\"elementor elementor-1823 elementor-777\" data-elementor-post-type=\"page\">\n\t\t\t\t<div class=\"elementor-element elementor-element-b42514e e-flex e-con-boxed e-con e-parent\" data-id=\"b42514e\" data-element_type=\"container\" data-e-type=\"container\">\n\t\t\t\t\t<div class=\"e-con-inner\">\n\t\t\t\t<div class=\"elementor-element elementor-element-53fd718 elementor-widget elementor-widget-heading\" data-id=\"53fd718\" data-element_type=\"widget\" data-e-type=\"widget\" data-widget_type=\"heading.default\">\n\t\t\t\t\t<h1 class=\"elementor-heading-title elementor-size-default\">Fabric<\/h1>\t\t\t\t<\/div>\n\t\t\t\t<div class=\"elementor-element elementor-element-15579b1 elementor-widget elementor-widget-text-editor\" data-id=\"15579b1\" data-element_type=\"widget\" data-e-type=\"widget\" data-widget_type=\"text-editor.default\">\n\t\t\t\t\t\t\t\t\t<p>Admittedly, we printed our last T-shirt at the end of the 1990s, before textile printing finally established itself as a separate industry. However, some things have remained with us where textile fabric is not used for garments, upholstery or curtains:<\/p><ul class=\"list-normal\"><li><strong>Printing on book cover fabrics such as bookbinding linen<\/strong><\/li><li>Flocked\u00a0<strong>velour stickers<\/strong>\u00a0with velvet surface<\/li><li>Banner and tarpaulin material made of synthetic fabric<\/li><li><strong>Wallpapers made of real linen fabric<\/strong>\u00a0with paper backing for wallpaper paste. These linen wallpapers are available both in\u00a0<strong>white<\/strong>\u00a0and in many\u00a0<strong>bright colors<\/strong>, in which case the fabric is dyed throughout. White is ideal for printing with precisely specified shades. On the other hand, in the case of chromatic colors, the focus is on the very homogeneous appearance of the through-dyeing.<\/li><\/ul><p>However, we also receive a lot of crazy fabrics, mostly when it comes to unusual mailings:<\/p><p>For example, we have also printed textile fabrics such as physiotherapeutic kinesiotapes or surgical masks.<\/p><p>Or about 2mm thick business cards with a pink traditional costume fabric surface for a folk music group!<\/p><p>The imagination is limitless&#8230;<\/p>\t\t\t\t\t\t\t\t<\/div>\n\t\t\t\t<div class=\"elementor-element elementor-element-aa1c3f3 elementor-widget elementor-widget-gallery\" data-id=\"aa1c3f3\" data-element_type=\"widget\" data-e-type=\"widget\" data-settings=\"{&quot;columns&quot;:5,&quot;aspect_ratio&quot;:&quot;1:1&quot;,&quot;lazyload&quot;:&quot;yes&quot;,&quot;gallery_layout&quot;:&quot;grid&quot;,&quot;columns_tablet&quot;:2,&quot;columns_mobile&quot;:1,&quot;gap&quot;:{&quot;unit&quot;:&quot;px&quot;,&quot;size&quot;:10,&quot;sizes&quot;:[]},&quot;gap_tablet&quot;:{&quot;unit&quot;:&quot;px&quot;,&quot;size&quot;:10,&quot;sizes&quot;:[]},&quot;gap_mobile&quot;:{&quot;unit&quot;:&quot;px&quot;,&quot;size&quot;:10,&quot;sizes&quot;:[]},&quot;link_to&quot;:&quot;file&quot;,&quot;overlay_background&quot;:&quot;yes&quot;,&quot;content_hover_animation&quot;:&quot;fade-in&quot;}\" data-widget_type=\"gallery.default\">\n\t\t\t\t\t\t\t<div class=\"elementor-gallery__container\">\n\t\t\t\t\t\t\t<a class=\"e-gallery-item elementor-gallery-item elementor-animated-content\" href=\"https:\/\/www.simsa.at\/wp-content\/uploads\/2025\/03\/leinendruck-2.jpg\" data-elementor-open-lightbox=\"yes\" data-elementor-lightbox-slideshow=\"aa1c3f3\" data-elementor-lightbox-title=\"Leinendruck\" data-elementor-lightbox-description=\"UV-Inkjet Digitaldruck auf grobes Leinengewebe mit Buntfarben und wei\u00dfer Hinterlegung\" data-e-action-hash=\"#elementor-action%3Aaction%3Dlightbox%26settings%3DeyJpZCI6MTYyNCwidXJsIjoiaHR0cHM6XC9cL3d3dy5zaW1zYS5hdFwvd3AtY29udGVudFwvdXBsb2Fkc1wvMjAyNVwvMDNcL2xlaW5lbmRydWNrLTIuanBnIiwic2xpZGVzaG93IjoiYWExYzNmMyJ9\">\n\t\t\t\t\t<div class=\"e-gallery-image elementor-gallery-item__image\" data-thumbnail=\"https:\/\/www.simsa.at\/wp-content\/uploads\/2025\/03\/leinendruck-2-768x513.jpg\" data-width=\"768\" data-height=\"513\" aria-label=\"\" role=\"img\" ><\/div>\n\t\t\t\t\t\t\t\t\t\t\t<div class=\"elementor-gallery-item__overlay\"><\/div>\n\t\t\t\t\t\t\t\t\t\t\t\t\t\t<\/a>\n\t\t\t\t\t\t\t<a class=\"e-gallery-item elementor-gallery-item elementor-animated-content\" href=\"https:\/\/www.simsa.at\/wp-content\/uploads\/2025\/03\/siebdruck_auf_blaudruckstoff-2-scaled.jpg\" data-elementor-open-lightbox=\"yes\" data-elementor-lightbox-slideshow=\"aa1c3f3\" data-elementor-lightbox-title=\"Siebdruck Auf Blaudruckstoff\" data-elementor-lightbox-description=\"Siebdruck auf handwerklich hergestellten Blaudruckstoff als Buchcover\" data-e-action-hash=\"#elementor-action%3Aaction%3Dlightbox%26settings%3DeyJpZCI6MTYyNSwidXJsIjoiaHR0cHM6XC9cL3d3dy5zaW1zYS5hdFwvd3AtY29udGVudFwvdXBsb2Fkc1wvMjAyNVwvMDNcL3NpZWJkcnVja19hdWZfYmxhdWRydWNrc3RvZmYtMi1zY2FsZWQuanBnIiwic2xpZGVzaG93IjoiYWExYzNmMyJ9\">\n\t\t\t\t\t<div class=\"e-gallery-image elementor-gallery-item__image\" data-thumbnail=\"https:\/\/www.simsa.at\/wp-content\/uploads\/2025\/03\/siebdruck_auf_blaudruckstoff-2-768x512.jpg\" data-width=\"768\" data-height=\"512\" aria-label=\"\" role=\"img\" ><\/div>\n\t\t\t\t\t\t\t\t\t\t\t<div class=\"elementor-gallery-item__overlay\"><\/div>\n\t\t\t\t\t\t\t\t\t\t\t\t\t\t<\/a>\n\t\t\t\t\t\t\t<a class=\"e-gallery-item elementor-gallery-item elementor-animated-content\" href=\"https:\/\/www.simsa.at\/wp-content\/uploads\/2025\/03\/siebdruck_mehrfarbig_auf_buchbinderleinen-2-scaled.jpg\" data-elementor-open-lightbox=\"yes\" data-elementor-lightbox-slideshow=\"aa1c3f3\" data-elementor-lightbox-title=\"Siebdruck Mehrfarbig Auf Buchbinderleinen\" data-elementor-lightbox-description=\"Siebdruck mehrfarbig auf rotes Buchbinderleinen f\u00fcr \u00dcberzug Hardcover Buch\" data-e-action-hash=\"#elementor-action%3Aaction%3Dlightbox%26settings%3DeyJpZCI6MTYyNiwidXJsIjoiaHR0cHM6XC9cL3d3dy5zaW1zYS5hdFwvd3AtY29udGVudFwvdXBsb2Fkc1wvMjAyNVwvMDNcL3NpZWJkcnVja19tZWhyZmFyYmlnX2F1Zl9idWNoYmluZGVybGVpbmVuLTItc2NhbGVkLmpwZyIsInNsaWRlc2hvdyI6ImFhMWMzZjMifQ%3D%3D\">\n\t\t\t\t\t<div class=\"e-gallery-image elementor-gallery-item__image\" data-thumbnail=\"https:\/\/www.simsa.at\/wp-content\/uploads\/2025\/03\/siebdruck_mehrfarbig_auf_buchbinderleinen-2-768x512.jpg\" data-width=\"768\" data-height=\"512\" aria-label=\"\" role=\"img\" ><\/div>\n\t\t\t\t\t\t\t\t\t\t\t<div class=\"elementor-gallery-item__overlay\"><\/div>\n\t\t\t\t\t\t\t\t\t\t\t\t\t\t<\/a>\n\t\t\t\t\t\t\t<a class=\"e-gallery-item elementor-gallery-item elementor-animated-content\" href=\"https:\/\/www.simsa.at\/wp-content\/uploads\/2025\/03\/siebdruck_auf_buchbinderleinen-scaled.jpg\" data-elementor-open-lightbox=\"yes\" data-elementor-lightbox-slideshow=\"aa1c3f3\" data-elementor-lightbox-title=\"Siebdruck Auf Buchbinderleinen\" data-elementor-lightbox-description=\"Siebdruck Wei\u00df auf blaues Buchbinderleinen f\u00fcr \u00dcberzug Hardcover Buch\" data-e-action-hash=\"#elementor-action%3Aaction%3Dlightbox%26settings%3DeyJpZCI6MTYyNywidXJsIjoiaHR0cHM6XC9cL3d3dy5zaW1zYS5hdFwvd3AtY29udGVudFwvdXBsb2Fkc1wvMjAyNVwvMDNcL3NpZWJkcnVja19hdWZfYnVjaGJpbmRlcmxlaW5lbi1zY2FsZWQuanBnIiwic2xpZGVzaG93IjoiYWExYzNmMyJ9\">\n\t\t\t\t\t<div class=\"e-gallery-image elementor-gallery-item__image\" data-thumbnail=\"https:\/\/www.simsa.at\/wp-content\/uploads\/2025\/03\/siebdruck_auf_buchbinderleinen-768x512.jpg\" data-width=\"768\" data-height=\"512\" aria-label=\"\" role=\"img\" ><\/div>\n\t\t\t\t\t\t\t\t\t\t\t<div class=\"elementor-gallery-item__overlay\"><\/div>\n\t\t\t\t\t\t\t\t\t\t\t\t\t\t<\/a>\n\t\t\t\t\t\t\t<a class=\"e-gallery-item elementor-gallery-item elementor-animated-content\" href=\"https:\/\/www.simsa.at\/wp-content\/uploads\/2025\/03\/siebdruck_rot_auf_buchbinderleinen-2-scaled.jpg\" data-elementor-open-lightbox=\"yes\" data-elementor-lightbox-slideshow=\"aa1c3f3\" data-elementor-lightbox-title=\"Siebdruck Rot Auf Buchbinderleinen\" data-elementor-lightbox-description=\"Siebdruck Rot auf grobes Buchbinderleinen f\u00fcr \u00dcberzug Hardcover Buch\" data-e-action-hash=\"#elementor-action%3Aaction%3Dlightbox%26settings%3DeyJpZCI6MTYyOCwidXJsIjoiaHR0cHM6XC9cL3d3dy5zaW1zYS5hdFwvd3AtY29udGVudFwvdXBsb2Fkc1wvMjAyNVwvMDNcL3NpZWJkcnVja19yb3RfYXVmX2J1Y2hiaW5kZXJsZWluZW4tMi1zY2FsZWQuanBnIiwic2xpZGVzaG93IjoiYWExYzNmMyJ9\">\n\t\t\t\t\t<div class=\"e-gallery-image elementor-gallery-item__image\" data-thumbnail=\"https:\/\/www.simsa.at\/wp-content\/uploads\/2025\/03\/siebdruck_rot_auf_buchbinderleinen-2-768x512.jpg\" data-width=\"768\" data-height=\"512\" aria-label=\"\" role=\"img\" ><\/div>\n\t\t\t\t\t\t\t\t\t\t\t<div class=\"elementor-gallery-item__overlay\"><\/div>\n\t\t\t\t\t\t\t\t\t\t\t\t\t\t<\/a>\n\t\t\t\t\t\t\t<a class=\"e-gallery-item elementor-gallery-item elementor-animated-content\" href=\"https:\/\/www.simsa.at\/wp-content\/uploads\/2025\/03\/op_gesichtsmaske_bedruckt.jpg\" data-elementor-open-lightbox=\"yes\" data-elementor-lightbox-slideshow=\"aa1c3f3\" data-elementor-lightbox-title=\"Op Gesichtsmaske Bedruckt\" data-elementor-lightbox-description=\"Mundnasenschutz-Maske bedruckt (OP-Maske, Gesichtsmaske)\" data-e-action-hash=\"#elementor-action%3Aaction%3Dlightbox%26settings%3DeyJpZCI6MTYyOSwidXJsIjoiaHR0cHM6XC9cL3d3dy5zaW1zYS5hdFwvd3AtY29udGVudFwvdXBsb2Fkc1wvMjAyNVwvMDNcL29wX2dlc2ljaHRzbWFza2VfYmVkcnVja3QuanBnIiwic2xpZGVzaG93IjoiYWExYzNmMyJ9\">\n\t\t\t\t\t<div class=\"e-gallery-image elementor-gallery-item__image\" data-thumbnail=\"https:\/\/www.simsa.at\/wp-content\/uploads\/2025\/03\/op_gesichtsmaske_bedruckt-768x513.jpg\" data-width=\"768\" data-height=\"513\" aria-label=\"\" role=\"img\" ><\/div>\n\t\t\t\t\t\t\t\t\t\t\t<div class=\"elementor-gallery-item__overlay\"><\/div>\n\t\t\t\t\t\t\t\t\t\t\t\t\t\t<\/a>\n\t\t\t\t\t\t\t<a class=\"e-gallery-item elementor-gallery-item elementor-animated-content\" href=\"https:\/\/www.simsa.at\/wp-content\/uploads\/2025\/03\/textilaufkleber_aus_azetatseide.jpg\" data-elementor-open-lightbox=\"yes\" data-elementor-lightbox-slideshow=\"aa1c3f3\" data-elementor-lightbox-title=\"Textilaufkleber Aus Azetatseide\" data-elementor-lightbox-description=\"Bedruckter, textiler Aufkleber aus Azetatseide\" data-e-action-hash=\"#elementor-action%3Aaction%3Dlightbox%26settings%3DeyJpZCI6MTYzMCwidXJsIjoiaHR0cHM6XC9cL3d3dy5zaW1zYS5hdFwvd3AtY29udGVudFwvdXBsb2Fkc1wvMjAyNVwvMDNcL3RleHRpbGF1ZmtsZWJlcl9hdXNfYXpldGF0c2VpZGUuanBnIiwic2xpZGVzaG93IjoiYWExYzNmMyJ9\">\n\t\t\t\t\t<div class=\"e-gallery-image elementor-gallery-item__image\" data-thumbnail=\"https:\/\/www.simsa.at\/wp-content\/uploads\/2025\/03\/textilaufkleber_aus_azetatseide-768x512.jpg\" data-width=\"768\" data-height=\"512\" aria-label=\"Bedruckter, textiler Aufkleber aus Azetatseide (Acetat, CA)\" role=\"img\" ><\/div>\n\t\t\t\t\t\t\t\t\t\t\t<div class=\"elementor-gallery-item__overlay\"><\/div>\n\t\t\t\t\t\t\t\t\t\t\t\t\t\t<\/a>\n\t\t\t\t\t\t\t<a class=\"e-gallery-item elementor-gallery-item elementor-animated-content\" href=\"https:\/\/www.simsa.at\/wp-content\/uploads\/2025\/03\/dicke_visitenkarte_mit_trachtenstoff.jpg\" data-elementor-open-lightbox=\"yes\" data-elementor-lightbox-slideshow=\"aa1c3f3\" data-elementor-lightbox-title=\"Dicke Visitenkarte Mit Trachtenstoff\" data-elementor-lightbox-description=\"2mm starke Visitenkarte mit Trachtenstoff auf Vorderseite und reinwei\u00dfer, beschreibbarer R\u00fcckseite\" data-e-action-hash=\"#elementor-action%3Aaction%3Dlightbox%26settings%3DeyJpZCI6MTYzMSwidXJsIjoiaHR0cHM6XC9cL3d3dy5zaW1zYS5hdFwvd3AtY29udGVudFwvdXBsb2Fkc1wvMjAyNVwvMDNcL2RpY2tlX3Zpc2l0ZW5rYXJ0ZV9taXRfdHJhY2h0ZW5zdG9mZi5qcGciLCJzbGlkZXNob3ciOiJhYTFjM2YzIn0%3D\">\n\t\t\t\t\t<div class=\"e-gallery-image elementor-gallery-item__image\" data-thumbnail=\"https:\/\/www.simsa.at\/wp-content\/uploads\/2025\/03\/dicke_visitenkarte_mit_trachtenstoff-768x512.jpg\" data-width=\"768\" data-height=\"512\" aria-label=\"\" role=\"img\" ><\/div>\n\t\t\t\t\t\t\t\t\t\t\t<div class=\"elementor-gallery-item__overlay\"><\/div>\n\t\t\t\t\t\t\t\t\t\t\t\t\t\t<\/a>\n\t\t\t\t\t\t\t<a class=\"e-gallery-item elementor-gallery-item elementor-animated-content\" href=\"https:\/\/www.simsa.at\/wp-content\/uploads\/2025\/03\/heissfolienpraegung_und_siebdruck_auf_grobleinen-1.jpg\" data-elementor-open-lightbox=\"yes\" data-elementor-lightbox-slideshow=\"aa1c3f3\" data-elementor-lightbox-title=\"Heissfolienpraegung Und Siebdruck Auf Grobleinen\" data-elementor-lightbox-description=\"Siebdruck Orange und Hei\u00dffolienpr\u00e4gung Schwarz auf Grobleinenstruktur bei einem Bucheinband\" data-e-action-hash=\"#elementor-action%3Aaction%3Dlightbox%26settings%3DeyJpZCI6MTYzMiwidXJsIjoiaHR0cHM6XC9cL3d3dy5zaW1zYS5hdFwvd3AtY29udGVudFwvdXBsb2Fkc1wvMjAyNVwvMDNcL2hlaXNzZm9saWVucHJhZWd1bmdfdW5kX3NpZWJkcnVja19hdWZfZ3JvYmxlaW5lbi0xLmpwZyIsInNsaWRlc2hvdyI6ImFhMWMzZjMifQ%3D%3D\">\n\t\t\t\t\t<div class=\"e-gallery-image elementor-gallery-item__image\" data-thumbnail=\"https:\/\/www.simsa.at\/wp-content\/uploads\/2025\/03\/heissfolienpraegung_und_siebdruck_auf_grobleinen-1-768x513.jpg\" data-width=\"768\" data-height=\"513\" aria-label=\"\" role=\"img\" ><\/div>\n\t\t\t\t\t\t\t\t\t\t\t<div class=\"elementor-gallery-item__overlay\"><\/div>\n\t\t\t\t\t\t\t\t\t\t\t\t\t\t<\/a>\n\t\t\t\t\t\t\t<a class=\"e-gallery-item elementor-gallery-item elementor-animated-content\" href=\"https:\/\/www.simsa.at\/wp-content\/uploads\/2025\/03\/heissfolienpraegung_auf_grobleinen.jpg\" data-elementor-open-lightbox=\"yes\" data-elementor-lightbox-slideshow=\"aa1c3f3\" data-elementor-lightbox-title=\"Heissfolienpraegung Auf Grobleinen\" data-elementor-lightbox-description=\"Schwarze Hei\u00dffolienpr\u00e4gung auf Grobleinenstruktur bei einem Bucheinband\" data-e-action-hash=\"#elementor-action%3Aaction%3Dlightbox%26settings%3DeyJpZCI6MTYzMywidXJsIjoiaHR0cHM6XC9cL3d3dy5zaW1zYS5hdFwvd3AtY29udGVudFwvdXBsb2Fkc1wvMjAyNVwvMDNcL2hlaXNzZm9saWVucHJhZWd1bmdfYXVmX2dyb2JsZWluZW4uanBnIiwic2xpZGVzaG93IjoiYWExYzNmMyJ9\">\n\t\t\t\t\t<div class=\"e-gallery-image elementor-gallery-item__image\" data-thumbnail=\"https:\/\/www.simsa.at\/wp-content\/uploads\/2025\/03\/heissfolienpraegung_auf_grobleinen-768x513.jpg\" data-width=\"768\" data-height=\"513\" aria-label=\"\" role=\"img\" ><\/div>\n\t\t\t\t\t\t\t\t\t\t\t<div class=\"elementor-gallery-item__overlay\"><\/div>\n\t\t\t\t\t\t\t\t\t\t\t\t\t\t<\/a>\n\t\t\t\t\t<\/div>\n\t\t\t\t\t<\/div>\n\t\t\t\t\t<\/div>\n\t\t\t\t<\/div>\n\t\t\t\t<\/div>\n\t\t","protected":false},"excerpt":{"rendered":"<p>Fabric Admittedly, we printed our last T-shirt at the end of the 1990s, before textile printing finally established itself as a separate industry. However, some things have remained with us where textile fabric is not used for garments, upholstery or curtains: Printing on book cover fabrics such as bookbinding linen Flocked\u00a0velour stickers\u00a0with velvet surface Banner [&hellip;]<\/p>\n","protected":false},"author":1,"featured_media":1624,"parent":1792,"menu_order":0,"comment_status":"closed","ping_status":"closed","template":"","meta":{"_acf_changed":false,"footnotes":""},"class_list":["post-1823","page","type-page","status-publish","has-post-thumbnail","hentry"],"acf":[],"jetpack_sharing_enabled":true,"_links":{"self":[{"href":"https:\/\/www.simsa.at\/en\/wp-json\/wp\/v2\/pages\/1823","targetHints":{"allow":["GET"]}}],"collection":[{"href":"https:\/\/www.simsa.at\/en\/wp-json\/wp\/v2\/pages"}],"about":[{"href":"https:\/\/www.simsa.at\/en\/wp-json\/wp\/v2\/types\/page"}],"author":[{"embeddable":true,"href":"https:\/\/www.simsa.at\/en\/wp-json\/wp\/v2\/users\/1"}],"replies":[{"embeddable":true,"href":"https:\/\/www.simsa.at\/en\/wp-json\/wp\/v2\/comments?post=1823"}],"version-history":[{"count":4,"href":"https:\/\/www.simsa.at\/en\/wp-json\/wp\/v2\/pages\/1823\/revisions"}],"predecessor-version":[{"id":2465,"href":"https:\/\/www.simsa.at\/en\/wp-json\/wp\/v2\/pages\/1823\/revisions\/2465"}],"up":[{"embeddable":true,"href":"https:\/\/www.simsa.at\/en\/wp-json\/wp\/v2\/pages\/1792"}],"wp:featuredmedia":[{"embeddable":true,"href":"https:\/\/www.simsa.at\/en\/wp-json\/wp\/v2\/media\/1624"}],"wp:attachment":[{"href":"https:\/\/www.simsa.at\/en\/wp-json\/wp\/v2\/media?parent=1823"}],"curies":[{"name":"wp","href":"https:\/\/api.w.org\/{rel}","templated":true}]}}