{"id":1873,"date":"2025-03-14T11:22:31","date_gmt":"2025-03-14T11:22:31","guid":{"rendered":"https:\/\/www.simsa.at\/applications\/trailer\/"},"modified":"2025-11-17T11:28:22","modified_gmt":"2025-11-17T11:28:22","slug":"trailer","status":"publish","type":"page","link":"https:\/\/www.simsa.at\/en\/uses\/trailer\/","title":{"rendered":"Hang Tags"},"content":{"rendered":"\t\t<div data-elementor-type=\"wp-page\" data-elementor-id=\"1873\" class=\"elementor elementor-1873 elementor-76\" data-elementor-post-type=\"page\">\n\t\t\t\t<div class=\"elementor-element elementor-element-ff895b1 e-flex e-con-boxed e-con e-parent\" data-id=\"ff895b1\" data-element_type=\"container\" data-e-type=\"container\">\n\t\t\t\t\t<div class=\"e-con-inner\">\n\t\t\t\t<div class=\"elementor-element elementor-element-5443c33 elementor-widget elementor-widget-text-editor\" data-id=\"5443c33\" data-element_type=\"widget\" data-e-type=\"widget\" data-widget_type=\"text-editor.default\">\n\t\t\t\t\t\t\t\t\t<h3>Printed tags and labels as mobile identification<\/h3><ul class=\"list-normal\"><li><strong>Labels for<\/strong> fashionable <strong>clothing<\/strong> and textiles<\/li><li><strong>Bale labels<\/strong> in the recycling collection<\/li><li><strong>Hangtags<\/strong><\/li><li>Price tags<\/li><li><strong>Luggage tags<\/strong> in hotels<\/li><li><strong>Bottle tag<\/strong><\/li><li>Event passes and tickets<\/li><\/ul><p>We can <strong>print tags from a variety of materials<\/strong>, from paper, cardboard, paperboard or plastic to thin sheets.<\/p><h3>Product tag with eye-catcher<\/h3><p>Some tags are primarily intended to catch the eye, for example in sales areas. Here we can conjure up the necessary attention for your product <strong>with tags with <a href=\"https:\/\/webcf.waybackmachine.org\/web\/20240529094112\/https:\/\/www.simsa.at\/druckveredelung\">print finishing<\/a><\/strong>.<\/p><p>Other tags, on the other hand, are for sensitive applications such as <strong>brand protection<\/strong>, where fraudulent copying, plagiarism and replicas must be prevented. Here, we provide you with increased <strong>counterfeit protection through <a href=\"https:\/\/webcf.waybackmachine.org\/web\/20240529094112\/https:\/\/www.simsa.at\/anwendungen\/sicherheitsdruck\">security features<\/a><\/strong> such as hologram effects, metallization, tactile elements or coatings that glow under bill validators.<\/p><h3>Tags with extra power beyond the print<\/h3><p><strong>Punched<\/strong> contours, <strong>tear-off perforations, <\/strong><strong>drilled holes<\/strong>, <strong>metal eyelets<\/strong> or retracted <strong>tapes<\/strong> for attachment are also typical requests that we are happy to fulfill.<\/p>\t\t\t\t\t\t\t\t<\/div>\n\t\t\t\t\t<\/div>\n\t\t\t\t<\/div>\n\t\t<div class=\"elementor-element elementor-element-85d74f6 e-flex e-con-boxed e-con e-parent\" data-id=\"85d74f6\" data-element_type=\"container\" data-e-type=\"container\">\n\t\t\t\t\t<div class=\"e-con-inner\">\n\t\t\t\t<div class=\"elementor-element elementor-element-9606f14 elementor-widget elementor-widget-gallery\" data-id=\"9606f14\" data-element_type=\"widget\" data-e-type=\"widget\" data-settings=\"{&quot;aspect_ratio&quot;:&quot;1:1&quot;,&quot;lazyload&quot;:&quot;yes&quot;,&quot;gallery_layout&quot;:&quot;grid&quot;,&quot;columns&quot;:4,&quot;columns_tablet&quot;:2,&quot;columns_mobile&quot;:1,&quot;gap&quot;:{&quot;unit&quot;:&quot;px&quot;,&quot;size&quot;:10,&quot;sizes&quot;:[]},&quot;gap_tablet&quot;:{&quot;unit&quot;:&quot;px&quot;,&quot;size&quot;:10,&quot;sizes&quot;:[]},&quot;gap_mobile&quot;:{&quot;unit&quot;:&quot;px&quot;,&quot;size&quot;:10,&quot;sizes&quot;:[]},&quot;link_to&quot;:&quot;file&quot;,&quot;overlay_background&quot;:&quot;yes&quot;,&quot;content_hover_animation&quot;:&quot;fade-in&quot;}\" data-widget_type=\"gallery.default\">\n\t\t\t\t\t\t\t<div class=\"elementor-gallery__container\">\n\t\t\t\t\t\t\t<a class=\"e-gallery-item elementor-gallery-item elementor-animated-content\" href=\"https:\/\/www.simsa.at\/wp-content\/uploads\/2025\/03\/produktanhaenger_spirituosen.jpg\" data-elementor-open-lightbox=\"yes\" data-elementor-lightbox-slideshow=\"9606f14\" data-elementor-lightbox-title=\"Produktanhaenger Spirituosen\" data-elementor-lightbox-description=\"Produktanh\u00e4nger f\u00fcr Spirituosen, Goldfolienrp\u00e4gung und kreisrunde Stanzung und Lochung\" data-e-action-hash=\"#elementor-action%3Aaction%3Dlightbox%26settings%3DeyJpZCI6MTE4OCwidXJsIjoiaHR0cHM6XC9cL3d3dy5zaW1zYS5hdFwvd3AtY29udGVudFwvdXBsb2Fkc1wvMjAyNVwvMDNcL3Byb2R1a3RhbmhhZW5nZXJfc3Bpcml0dW9zZW4uanBnIiwic2xpZGVzaG93IjoiOTYwNmYxNCJ9\">\n\t\t\t\t\t<div class=\"e-gallery-image elementor-gallery-item__image\" data-thumbnail=\"https:\/\/www.simsa.at\/wp-content\/uploads\/2025\/03\/produktanhaenger_spirituosen-300x200.jpg\" data-width=\"300\" data-height=\"200\" aria-label=\"\" role=\"img\" ><\/div>\n\t\t\t\t\t\t\t\t\t\t\t<div class=\"elementor-gallery-item__overlay\"><\/div>\n\t\t\t\t\t\t\t\t\t\t\t\t\t\t<\/a>\n\t\t\t\t\t\t\t<a class=\"e-gallery-item elementor-gallery-item elementor-animated-content\" href=\"https:\/\/www.simsa.at\/wp-content\/uploads\/2025\/03\/produktanhaenger_fuer_handtaschen.jpg\" data-elementor-open-lightbox=\"yes\" data-elementor-lightbox-slideshow=\"9606f14\" data-elementor-lightbox-title=\"Produktanhaenger Fuer Handtaschen\" data-elementor-lightbox-description=\"Produktanh\u00e4nger aus buntem Karton mit Wei\u00dfdruck, f\u00fcr Handtaschen\" data-e-action-hash=\"#elementor-action%3Aaction%3Dlightbox%26settings%3DeyJpZCI6MTE4NywidXJsIjoiaHR0cHM6XC9cL3d3dy5zaW1zYS5hdFwvd3AtY29udGVudFwvdXBsb2Fkc1wvMjAyNVwvMDNcL3Byb2R1a3RhbmhhZW5nZXJfZnVlcl9oYW5kdGFzY2hlbi5qcGciLCJzbGlkZXNob3ciOiI5NjA2ZjE0In0%3D\">\n\t\t\t\t\t<div class=\"e-gallery-image elementor-gallery-item__image\" data-thumbnail=\"https:\/\/www.simsa.at\/wp-content\/uploads\/2025\/03\/produktanhaenger_fuer_handtaschen-300x200.jpg\" data-width=\"300\" data-height=\"200\" aria-label=\"\" role=\"img\" ><\/div>\n\t\t\t\t\t\t\t\t\t\t\t<div class=\"elementor-gallery-item__overlay\"><\/div>\n\t\t\t\t\t\t\t\t\t\t\t\t\t\t<\/a>\n\t\t\t\t\t\t\t<a class=\"e-gallery-item elementor-gallery-item elementor-animated-content\" href=\"https:\/\/www.simsa.at\/wp-content\/uploads\/2025\/03\/anhaenger_hologrammeffekt_reflektierend.jpg\" data-elementor-open-lightbox=\"yes\" data-elementor-lightbox-slideshow=\"9606f14\" data-elementor-lightbox-title=\"Anhaenger Hologrammeffekt Reflektierend\" data-elementor-lightbox-description=\"Bedruckter Anh\u00e4nger aus Kunststoff mit Hologrammeffekt Silber Licht reflektierend\" data-e-action-hash=\"#elementor-action%3Aaction%3Dlightbox%26settings%3DeyJpZCI6MTE4NiwidXJsIjoiaHR0cHM6XC9cL3d3dy5zaW1zYS5hdFwvd3AtY29udGVudFwvdXBsb2Fkc1wvMjAyNVwvMDNcL2FuaGFlbmdlcl9ob2xvZ3JhbW1lZmZla3RfcmVmbGVrdGllcmVuZC5qcGciLCJzbGlkZXNob3ciOiI5NjA2ZjE0In0%3D\">\n\t\t\t\t\t<div class=\"e-gallery-image elementor-gallery-item__image\" data-thumbnail=\"https:\/\/www.simsa.at\/wp-content\/uploads\/2025\/03\/anhaenger_hologrammeffekt_reflektierend-300x200.jpg\" data-width=\"300\" data-height=\"200\" aria-label=\"\" role=\"img\" ><\/div>\n\t\t\t\t\t\t\t\t\t\t\t<div class=\"elementor-gallery-item__overlay\"><\/div>\n\t\t\t\t\t\t\t\t\t\t\t\t\t\t<\/a>\n\t\t\t\t\t\t\t<a class=\"e-gallery-item elementor-gallery-item elementor-animated-content\" href=\"https:\/\/www.simsa.at\/wp-content\/uploads\/2025\/03\/anhaenger-scaled.jpg\" data-elementor-open-lightbox=\"yes\" data-elementor-lightbox-slideshow=\"9606f14\" data-elementor-lightbox-title=\"Anhaenger\" data-elementor-lightbox-description=\"Gestanzte Anh\u00e4nger aus Polypropylen, Lochung, Ecken abgerundet, Siebdruck, Beschriftungsfeld\n\n\" data-e-action-hash=\"#elementor-action%3Aaction%3Dlightbox%26settings%3DeyJpZCI6MTE4NSwidXJsIjoiaHR0cHM6XC9cL3d3dy5zaW1zYS5hdFwvd3AtY29udGVudFwvdXBsb2Fkc1wvMjAyNVwvMDNcL2FuaGFlbmdlci1zY2FsZWQuanBnIiwic2xpZGVzaG93IjoiOTYwNmYxNCJ9\">\n\t\t\t\t\t<div class=\"e-gallery-image elementor-gallery-item__image\" data-thumbnail=\"https:\/\/www.simsa.at\/wp-content\/uploads\/2025\/03\/anhaenger-300x200.jpg\" data-width=\"300\" data-height=\"200\" aria-label=\"\" role=\"img\" ><\/div>\n\t\t\t\t\t\t\t\t\t\t\t<div class=\"elementor-gallery-item__overlay\"><\/div>\n\t\t\t\t\t\t\t\t\t\t\t\t\t\t<\/a>\n\t\t\t\t\t<\/div>\n\t\t\t\t\t<\/div>\n\t\t\t\t\t<\/div>\n\t\t\t\t<\/div>\n\t\t\t\t<\/div>\n\t\t","protected":false},"excerpt":{"rendered":"<p>Printed tags and labels as mobile identification Labels for fashionable clothing and textiles Bale labels in the recycling collection Hangtags Price tags Luggage tags in hotels Bottle tag Event passes and tickets We can print tags from a variety of materials, from paper, cardboard, paperboard or plastic to thin sheets. Product tag with eye-catcher Some [&hellip;]<\/p>\n","protected":false},"author":1,"featured_media":1187,"parent":1845,"menu_order":0,"comment_status":"closed","ping_status":"closed","template":"","meta":{"_acf_changed":false,"footnotes":""},"class_list":["post-1873","page","type-page","status-publish","has-post-thumbnail","hentry"],"acf":[],"jetpack_sharing_enabled":true,"_links":{"self":[{"href":"https:\/\/www.simsa.at\/en\/wp-json\/wp\/v2\/pages\/1873","targetHints":{"allow":["GET"]}}],"collection":[{"href":"https:\/\/www.simsa.at\/en\/wp-json\/wp\/v2\/pages"}],"about":[{"href":"https:\/\/www.simsa.at\/en\/wp-json\/wp\/v2\/types\/page"}],"author":[{"embeddable":true,"href":"https:\/\/www.simsa.at\/en\/wp-json\/wp\/v2\/users\/1"}],"replies":[{"embeddable":true,"href":"https:\/\/www.simsa.at\/en\/wp-json\/wp\/v2\/comments?post=1873"}],"version-history":[{"count":5,"href":"https:\/\/www.simsa.at\/en\/wp-json\/wp\/v2\/pages\/1873\/revisions"}],"predecessor-version":[{"id":4354,"href":"https:\/\/www.simsa.at\/en\/wp-json\/wp\/v2\/pages\/1873\/revisions\/4354"}],"up":[{"embeddable":true,"href":"https:\/\/www.simsa.at\/en\/wp-json\/wp\/v2\/pages\/1845"}],"wp:featuredmedia":[{"embeddable":true,"href":"https:\/\/www.simsa.at\/en\/wp-json\/wp\/v2\/media\/1187"}],"wp:attachment":[{"href":"https:\/\/www.simsa.at\/en\/wp-json\/wp\/v2\/media?parent=1873"}],"curies":[{"name":"wp","href":"https:\/\/api.w.org\/{rel}","templated":true}]}}