{"id":2540,"date":"2025-04-21T20:26:34","date_gmt":"2025-04-21T20:26:34","guid":{"rendered":"https:\/\/www.simsa.at\/?page_id=2540"},"modified":"2025-04-21T20:27:23","modified_gmt":"2025-04-21T20:27:23","slug":"standard-economy","status":"publish","type":"page","link":"https:\/\/www.simsa.at\/en\/materials\/metallic\/standard-economy\/","title":{"rendered":"Standard Economy"},"content":{"rendered":"\t\t<div data-elementor-type=\"wp-page\" data-elementor-id=\"2540\" class=\"elementor elementor-2540\" data-elementor-post-type=\"page\">\n\t\t\t\t<div class=\"elementor-element elementor-element-d31e292 e-flex e-con-boxed e-con e-parent\" data-id=\"d31e292\" data-element_type=\"container\" data-e-type=\"container\">\n\t\t\t\t\t<div class=\"e-con-inner\">\n\t\t\t\t<div class=\"elementor-element elementor-element-daa2bca elementor-widget elementor-widget-heading\" data-id=\"daa2bca\" data-element_type=\"widget\" data-e-type=\"widget\" data-widget_type=\"heading.default\">\n\t\t\t\t\t<h1 class=\"elementor-heading-title elementor-size-default\">MetalPaper \"Standard Economy\"<\/h1>\t\t\t\t<\/div>\n\t\t\t\t\t<\/div>\n\t\t\t\t<\/div>\n\t\t<div class=\"elementor-element elementor-element-0753efa e-flex e-con-boxed e-con e-parent\" data-id=\"0753efa\" data-element_type=\"container\" data-e-type=\"container\">\n\t\t\t\t\t<div class=\"e-con-inner\">\n\t\t\t\t<div class=\"elementor-element elementor-element-058d4c7 elementor-widget elementor-widget-text-editor\" data-id=\"058d4c7\" data-element_type=\"widget\" data-e-type=\"widget\" data-widget_type=\"text-editor.default\">\n\t\t\t\t\t\t\t\t\t<h3>MetalPaper &#8220;Standard Economy&#8221; ist die preisg\u00fcnstige Alternative zu MetalPaper &#8220;High Gloss Mirror&#8221;<\/h3><p>Sie bekommen eine\u00a0<strong>spiegelnde, metallische Oberfl\u00e4che<\/strong>, allerdings\u00a0<strong>nicht ganz so reflektionsscharf<\/strong>\u00a0in der Wiedergabe\u00a0<strong>wie unser Premiumprodukt &#8220;High Gloss Mirror&#8221;<\/strong>. Die gebotene Spiegelsch\u00e4rfe ist jedoch f\u00fcr die meisten Anwendungen, insbesondere wenn viel \u00fcberdruckt wird, absolut ausreichend. Gute 95% unserer Kunden und Kundinnen entscheiden sich f\u00fcr die &#8220;MetalPaper Standard Economy&#8221; Variante.<\/p><p><strong>Sie sparen<\/strong>\u00a0mit dieser Standardvariante also\u00a0<strong>Geld<\/strong>\u00a0und profitieren\u00a0<strong>trotzdem<\/strong>\u00a0von der\u00a0<strong>echtmetallischen Wirkung<\/strong>.<\/p><h3>Standardsorten von MetalPaper &#8220;Standard Economy&#8221;<\/h3><ul class=\"list-normal\"><li>Format 1000x700mm, St\u00e4rke 0,300mm, Gewicht 270g\/m\u00b2<\/li><li>Format 1000x700mm, St\u00e4rke 0,420mm, Gewicht 370g\/m\u00b2<\/li><\/ul><p>Nutzbare, metallisch beschichtete Fl\u00e4che ca. 980x680mm<\/p><h3>M\u00f6glichkeit zur individuellen Gestaltung<\/h3><ul class=\"list-normal\"><li><strong>Bogenformate von Visitenkartengr\u00f6\u00dfe bis 1.000&#215;1.400mm<\/strong><\/li><li>Materialst\u00e4rken\u00a0<strong>von ca. 120g\/m\u00b2 bis 450g\/m\u00b2<\/strong><\/li><li><strong>Mattierte Oberfl\u00e4chen<\/strong>\u00a0(siehe\u00a0<a href=\"https:\/\/www.simsa.at\/materialien\/metall\/satin\">Satin<\/a>)<\/li><li><strong>Tastbare Pr\u00e4gungen<\/strong>, wie B\u00fcrstung, Feinleinen oder Lederstruktur<\/li><li>Ausr\u00fcstung\u00a0<strong>als Selbstklebefolie<\/strong>\u00a0(MetallicSticker)<\/li><li><strong>Bedruckt<\/strong>, partiell lackiert,\u00a0<strong>gestanzt<\/strong>, gefaltet usw.<\/li><\/ul><p><strong>Wir freuen uns auf Ihre Anfrage!<\/strong><\/p><h3>Standard-Farbt\u00f6ne<\/h3><ul class=\"list-normal\"><li>Gold metallisch (01\/STD)<\/li><li>Silver\u00a0metallisch (02\/STD)<\/li><\/ul><p>Papier in\u00a0<strong>metallischen Buntfarben<\/strong>\u00a0und\u00a0<strong>Hologtrammeffekte<\/strong>\u00a0finden Sie bei den\u00a0<a href=\"https:\/\/www.simsa.at\/materialien\/metall\/special-effects\">Special Effects<\/a>.<\/p>\t\t\t\t\t\t\t\t<\/div>\n\t\t\t\t\t<\/div>\n\t\t\t\t<\/div>\n\t\t\t\t<\/div>\n\t\t","protected":false},"excerpt":{"rendered":"<p>MetalPaper &#8220;Standard Economy&#8221; MetalPaper &#8220;Standard Economy&#8221; ist die preisg\u00fcnstige Alternative zu MetalPaper &#8220;High Gloss Mirror&#8221; Sie bekommen eine\u00a0spiegelnde, metallische Oberfl\u00e4che, allerdings\u00a0nicht ganz so reflektionsscharf\u00a0in der Wiedergabe\u00a0wie unser Premiumprodukt &#8220;High Gloss Mirror&#8221;. Die gebotene Spiegelsch\u00e4rfe ist jedoch f\u00fcr die meisten Anwendungen, insbesondere wenn viel \u00fcberdruckt wird, absolut ausreichend. Gute 95% unserer Kunden und Kundinnen entscheiden sich [&hellip;]<\/p>\n","protected":false},"author":1,"featured_media":0,"parent":1818,"menu_order":0,"comment_status":"closed","ping_status":"closed","template":"","meta":{"_acf_changed":false,"footnotes":""},"class_list":["post-2540","page","type-page","status-publish","hentry"],"acf":[],"jetpack_sharing_enabled":true,"_links":{"self":[{"href":"https:\/\/www.simsa.at\/en\/wp-json\/wp\/v2\/pages\/2540","targetHints":{"allow":["GET"]}}],"collection":[{"href":"https:\/\/www.simsa.at\/en\/wp-json\/wp\/v2\/pages"}],"about":[{"href":"https:\/\/www.simsa.at\/en\/wp-json\/wp\/v2\/types\/page"}],"author":[{"embeddable":true,"href":"https:\/\/www.simsa.at\/en\/wp-json\/wp\/v2\/users\/1"}],"replies":[{"embeddable":true,"href":"https:\/\/www.simsa.at\/en\/wp-json\/wp\/v2\/comments?post=2540"}],"version-history":[{"count":4,"href":"https:\/\/www.simsa.at\/en\/wp-json\/wp\/v2\/pages\/2540\/revisions"}],"predecessor-version":[{"id":2544,"href":"https:\/\/www.simsa.at\/en\/wp-json\/wp\/v2\/pages\/2540\/revisions\/2544"}],"up":[{"embeddable":true,"href":"https:\/\/www.simsa.at\/en\/wp-json\/wp\/v2\/pages\/1818"}],"wp:attachment":[{"href":"https:\/\/www.simsa.at\/en\/wp-json\/wp\/v2\/media?parent=2540"}],"curies":[{"name":"wp","href":"https:\/\/api.w.org\/{rel}","templated":true}]}}